{"id":705,"date":"2020-09-29T16:23:02","date_gmt":"2020-09-29T14:23:02","guid":{"rendered":"http:\/\/poradnads.sk\/konzultacne-hodiny\/"},"modified":"2021-10-08T11:18:44","modified_gmt":"2021-10-08T09:18:44","slug":"konzultacios-orak","status":"publish","type":"page","link":"https:\/\/poradnads.sk\/hu\/konzultacios-orak\/","title":{"rendered":"Konzult\u00e1ci\u00f3s \u00f3r\u00e1k"},"content":{"rendered":"<table width=\"100%\">\n<tbody>\n<tr>\n<td width=\"189\"><strong>Pszichol\u00f3gusaink:<\/strong><\/td>\n<td width=\"180\"><strong>Konzult\u00e1ci\u00f3s nap \/ \u00f3ra:<\/strong><\/td>\n<td width=\"149\"><strong>Telefonos el\u00e9rhet\u0151s\u00e9g:<\/strong><\/td>\n<td width=\"207\"><strong>E &#8211; mailov c\u00edm:<\/strong><\/td>\n<\/tr>\n<tr>\n<td width=\"189\">Mgr. Hencze Angelika<\/td>\n<td width=\"180\">Kedd 15.30 &#8211; 16.30<\/p>\n<p>cs\u00fct\u00f6rt\u00f6k 15.30 &#8211; 16.30<\/td>\n<td width=\"149\">948086032<\/td>\n<td width=\"207\"><a href=\"mailto:angelika.hencze@poradnads.sk\">angelika.hencze@poradnads.sk<\/a><\/td>\n<\/tr>\n<tr>\n<td width=\"189\">Mgr. Hodosy Ferenczi M\u00e1ria<\/td>\n<td width=\"180\">P\u00e9ntek 15.00 &#8211; 17.00<\/td>\n<td width=\"149\">915703655<\/td>\n<td width=\"207\"><a href=\"mailto:maria.f.hodosy@poradnads.sk\">maria.f.hodosy@poradnads.sk<\/a><\/td>\n<\/tr>\n<tr>\n<td width=\"189\">Mgr. Johancsikov\u00e1 Miriam<\/td>\n<td width=\"180\">Szerda 16.00 &#8211; 18.00<\/td>\n<td width=\"149\">948592374<\/td>\n<td width=\"207\"><a href=\"mailto:miriam.johancsik@poradnads.sk\">miriam.johancsik@poradnads.sk<\/a><\/td>\n<\/tr>\n<tr>\n<td width=\"189\">Mgr. Kliner Haniczkov\u00e1 Anna PhD.<\/td>\n<td width=\"180\">P\u00e9ntek 16.30 &#8211; 18.30<\/td>\n<td width=\"149\">948335266<\/td>\n<td width=\"207\"><a href=\"mailto:anna.h.kliner@poradnads.sk\">anna.h.kliner@poradnads.sk<\/a><\/td>\n<\/tr>\n<tr>\n<td width=\"189\">Menyh\u00e1rt Rita<\/td>\n<td width=\"180\">h\u00e9tf\u0151 \u00a016.30 &#8211; 18.30<\/td>\n<td width=\"149\">948081673<\/td>\n<td width=\"207\"><a href=\"mailto:rita.menyhart@poradnads.sk\">rita.menyhart@poradnads.sk<\/a><\/td>\n<\/tr>\n<tr>\n<td width=\"189\">Mgr. Mrl\u00e1kov\u00e1 Eva<\/td>\n<td width=\"180\">cs\u00fct\u00f6rt\u00f6k \u00a016.30 &#8211; 18.30<\/td>\n<td width=\"149\">948410438<\/td>\n<td width=\"207\"><a href=\"mailto:eva.v.mrlakova@poradnads.sk\">eva.v.mrlakova@poradnads.sk<\/a><\/td>\n<\/tr>\n<tr>\n<td width=\"189\"><\/td>\n<td width=\"180\"><\/td>\n<td width=\"149\"><\/td>\n<td width=\"207\"><\/td>\n<\/tr>\n<tr>\n<td width=\"189\"><strong>Gy\u00f3gypedag\u00f3gusaink:<\/strong><\/td>\n<td width=\"180\"><strong>Konzult\u00e1ci\u00f3s nap \/ \u00f3ra:<\/strong><\/td>\n<td width=\"149\"><strong>Telefonos el\u00e9rhet\u0151s\u00e9g:<\/strong><\/td>\n<td width=\"207\"><strong>E &#8211; mailov c\u00edm:<\/strong><\/td>\n<\/tr>\n<tr>\n<td width=\"189\">Mgr. Bereznaiov\u00e1 Malv\u00edna<\/td>\n<td width=\"180\">Kedd 17.00 &#8211; 19.00<\/td>\n<td width=\"149\">948413949<\/td>\n<td width=\"207\"><a href=\"mailto:malvina.bereznai@poradnads.sk\">malvina.bereznai@poradnads.sk<\/a><\/td>\n<\/tr>\n<tr>\n<td width=\"189\">Mgr. Dud\u00e1sov\u00e1 T\u00edmea<\/td>\n<td width=\"180\">Naponta 14.30 &#8211; 15.30<\/td>\n<td width=\"149\">917762017<\/td>\n<td width=\"207\"><a href=\"mailto:riaditelka@poradnads.sk\">riaditelka@poradnads.sk<\/a><\/td>\n<\/tr>\n<tr>\n<td width=\"189\">Mgr. Krippelov\u00e1 Eva<\/td>\n<td width=\"180\">Cs\u00fct\u00f6rt\u00f6k 16.00 &#8211; 18.00<\/td>\n<td width=\"149\">940654216<\/td>\n<td width=\"207\"><a href=\"mailto:eva.krippel@poradnads.sk\">eva.krippel@poradnads.sk<\/a><\/td>\n<\/tr>\n<tr>\n<td width=\"189\"><\/td>\n<td width=\"180\"><\/td>\n<td width=\"149\"><\/td>\n<td width=\"207\"><\/td>\n<\/tr>\n<tr>\n<td width=\"189\"><strong>Szoci\u00e1lis pedag\u00f3gusunk:<\/strong><\/td>\n<td width=\"180\"><strong>Konzult\u00e1ci\u00f3s nap \/ \u00f3ra:<\/strong><\/td>\n<td width=\"149\"><strong>Telefonos el\u00e9rhet\u0151s\u00e9g:<\/strong><\/td>\n<td width=\"207\"><strong>E &#8211; mailov c\u00edm:<\/strong><\/td>\n<\/tr>\n<tr>\n<td width=\"189\">Mgr. Czajl\u00edkov\u00e1 Hilda<\/td>\n<td width=\"180\">Szerda 16.30 &#8211; 18.30<\/td>\n<td width=\"149\">948923769<\/td>\n<td width=\"207\"><a href=\"mailto:hilda.czajlik@poradnads.sk\">hilda.czajlik@poradnads.sk<\/a><\/td>\n<\/tr>\n<tr>\n<td width=\"189\"><\/td>\n<td width=\"180\"><\/td>\n<td width=\"149\"><\/td>\n<td width=\"207\"><\/td>\n<\/tr>\n<tr>\n<td width=\"189\"><strong>Logop\u00e9dusunk:<\/strong><\/td>\n<td width=\"180\"><strong>Konzult\u00e1ci\u00f3s nap \/ \u00f3ra:<\/strong><\/td>\n<td width=\"149\"><strong>Telefonos el\u00e9rhet\u0151s\u00e9g:<\/strong><\/td>\n<td width=\"207\"><strong>E &#8211; mailov c\u00edm:<\/strong><\/td>\n<\/tr>\n<tr>\n<td width=\"189\">Nagy Katalin<\/td>\n<td width=\"180\">Streda 19.00 &#8211; 20.00<\/p>\n<p>Piatok 18.00 &#8211; 19.00<\/td>\n<td width=\"149\">948951948<\/td>\n<td width=\"207\"><\/td>\n<\/tr>\n<\/tbody>\n<\/table>\n","protected":false},"excerpt":{"rendered":"<p>Pszichol\u00f3gusaink: Konzult\u00e1ci\u00f3s nap \/ \u00f3ra: Telefonos el\u00e9rhet\u0151s\u00e9g: E &#8211; mailov c\u00edm: Mgr. Hencze Angelika Kedd 15.30 &#8211; 16.30 cs\u00fct\u00f6rt\u00f6k 15.30 &#8211; 16.30 948086032 angelika.hencze@poradnads.sk Mgr. Hodosy<span class=\"excerpt-hellip\"> [\u2026]<\/span><\/p>\n","protected":false},"author":1,"featured_media":0,"parent":0,"menu_order":0,"comment_status":"closed","ping_status":"closed","template":"","meta":[],"_links":{"self":[{"href":"https:\/\/poradnads.sk\/hu\/wp-json\/wp\/v2\/pages\/705"}],"collection":[{"href":"https:\/\/poradnads.sk\/hu\/wp-json\/wp\/v2\/pages"}],"about":[{"href":"https:\/\/poradnads.sk\/hu\/wp-json\/wp\/v2\/types\/page"}],"author":[{"embeddable":true,"href":"https:\/\/poradnads.sk\/hu\/wp-json\/wp\/v2\/users\/1"}],"replies":[{"embeddable":true,"href":"https:\/\/poradnads.sk\/hu\/wp-json\/wp\/v2\/comments?post=705"}],"version-history":[{"count":0,"href":"https:\/\/poradnads.sk\/hu\/wp-json\/wp\/v2\/pages\/705\/revisions"}],"wp:attachment":[{"href":"https:\/\/poradnads.sk\/hu\/wp-json\/wp\/v2\/media?parent=705"}],"curies":[{"name":"wp","href":"https:\/\/api.w.org\/{rel}","templated":true}]}}