{"id":552,"date":"2020-04-05T18:31:41","date_gmt":"2020-04-05T16:31:41","guid":{"rendered":"http:\/\/poradnads.sk\/uzitocne-linky\/"},"modified":"2020-04-05T18:50:58","modified_gmt":"2020-04-05T16:50:58","slug":"uzitocne-linky","status":"publish","type":"page","link":"https:\/\/poradnads.sk\/hu\/uzitocne-linky\/","title":{"rendered":"Hasznos linkek"},"content":{"rendered":"<h2>FEJLESZT\u00c9SEK:<\/h2>\n<ul>\n<li>Iskol\u00e1s leszek &#8211; <a href=\"https:\/\/iskolas-leszek.webnode.hu\/letoltheto-konyvek\/?fbclid=IwAR1-7Z8k7wl2Zvp3AQv7PRweeVfD4VfcUrQh3szu_ASMft2PcieRcWGJKLU\" target=\"_blank\" rel=\"noopener noreferrer\"><strong>LINK<\/strong><\/a><\/li>\n<li>Fejleszt\u0151j\u00e1t\u00e9kok az els\u0151 oszt\u00e1lyban \u00e9s \u00f3vod\u00e1ban &#8211; <a href=\"https:\/\/sniikt.wordpress.com\/2019\/09\/12\/fejlesztojatekok-a-tanoran-legzogyakorlatok-az-elso-osztalyban-ovodaban\/?fbclid=IwAR3UZcNv-gFJ2SIqDLC4aWppsBlpD0Eywu5e-9pDMcdoKj1sJCvQiZ05Z8w\" target=\"_blank\" rel=\"noopener noreferrer\"><strong>LINK<\/strong><\/a><\/li>\n<li>Feladatok, j\u00e1t\u00e9kok vide\u00f3k iskol\u00e1soknak &#8211; <a href=\"http:\/\/www.okosdoboz.hu\/?fbclid=IwAR3kKSIrZQEajlN-MZPZeuHXtNrPomuhjZvyzCm3o-tq7uJRUq0iipnBT9M\" target=\"_blank\" rel=\"noopener noreferrer\"><strong>LINK<\/strong><\/a><\/li>\n<li>Hall\u00e1sfejleszt\u0151 program &#8211; <a href=\"http:\/\/hallod-e.hu\/?fbclid=IwAR1_YSOLme8TP5n4aX0sO2ptmbMOHRzRC95tutTfKE-nNDDjEQDiGXD9pEc\" target=\"_blank\" rel=\"noopener noreferrer\"><strong>LINK<\/strong><\/a><\/li>\n<li>Grafomotorika &#8211; gyakorl\u00f3lapok &#8211; <a href=\"https:\/\/nasedeticky.sk\/predskolaci\/ciary\/5180\/grafomotorika-39\/?fbclid=IwAR0hqXk7lnQVpklgkYBH0p2EyO2DUdl8c-Q-7TZnb9dVa4bq7_H4mjkzqRM\" target=\"_blank\" rel=\"noopener noreferrer\"><strong>LINK<\/strong><\/a><\/li>\n<li>Logop\u00e9dusi seg\u00edts\u00e9g &#8211; <a href=\"https:\/\/www.facebook.com\/kata.nagy.796\" target=\"_blank\" rel=\"noopener noreferrer\"><strong>LINK<\/strong><\/a><\/li>\n<li>Oktat\u00e1s \u2013 Babah\u00e1z \u2013 Felel\u0151s Sz\u00fcl\u0151 \u2013 \u00c9letm\u00f3d \u00e9s egy\u00e9b &#8211; <a href=\"https:\/\/felelosszulokiskolaja.hu\/oktatas\/tobb-mint-500-feladatsor-es-izgalmas-agytorna-feladvanyok-a-csibesztura-oldalon?fbclid=IwAR3wKiuNpuIXLfsR2_jiT2h9k-fLCf7JDhsZHYbAd-uR2xdByjmC--efDwM\" target=\"_blank\" rel=\"noopener noreferrer\"><strong>LINK<\/strong><\/a><\/li>\n<li>Oktat\u00f3program \u2013 Seg\u00e9danyag tant\u00e1rgyank\u00e9nt \u2013\u00d3vod\u00e1s \u2013 Kreat\u00edv \u2013 Napi torna &#8211; <a href=\"http:\/\/www.fejlesztelek.hu\/?fbclid=IwAR18e7YAmWzu7ICgI8EX62htYd7vx67xNgrgJzXvbQ2UBGzuuL0nVmfUXBc\" target=\"_blank\" rel=\"noopener noreferrer\"><strong>LINK<\/strong><\/a><\/li>\n<\/ul>\n<h2>Tippek tanul\u00e1si neh\u00e9zs\u00e9gek eset\u00e9n<\/h2>\n<ul>\n<li><a href=\"http:\/\/www.tantaki.hu\/\">www.tantaki.hu<\/a><\/li>\n<li><a href=\"http:\/\/www.varazsbetu.hu\/\">www.varazsbetu.hu<\/a><\/li>\n<\/ul>\n<h2>Sz\u00fcl\u0151k, Csal\u00e1d<\/h2>\n<ul>\n<li><a href=\"http:\/\/www.szuloklapja.hu\/\">www.szuloklapja.hu<\/a><\/li>\n<li><a href=\"https:\/\/www.facebook.com\/kismamablog\/posts\/10156367913082391\">https:\/\/www.facebook.com\/kismamablog\/posts\/10156367913082391<\/a><\/li>\n<\/ul>\n<h2>MATEMATIKA<\/h2>\n<ul>\n<li>\u00d6njav\u00edt\u00f3 feladatok online &#8211; <a href=\"https:\/\/feladat.matematikam.hu\/?fbclid=IwAR3elCE8Bp3An24u5xFMjrnxPeLwTPJfMIChWV93BmQembTYu7UdqN67Nws\" target=\"_blank\" rel=\"noopener noreferrer\"><strong>LINK<\/strong><\/a><\/li>\n<li>Legyen \u00f6sr\u00f6m\u00f6d a\u00a0matematik\u00e1ban &#8211; <a href=\"https:\/\/www.matika.in\/hu\/?fbclid=IwAR0brfRYUIqGMtzAG9JB5NmIKQeYyI31g_F5CX-YC28rvjEAo3K4G0ikZtw\" target=\"_blank\" rel=\"noopener noreferrer\"><strong>LINK<\/strong><\/a><\/li>\n<li>\u00c1ltal\u00e1nos iskol\u00e1s \u00e9s k\u00f6z\u00e9piskol\u00e1s matek anyag vide\u00f3kkal &#8211; <a href=\"http:\/\/www.zsenileszek.hu\/?fbclid=IwAR2TJvuKMVeGKNEvKRFJwnpPyFn3poeTxdEMi6H0uWF4F_w8wQ_JdzcXmZo\" target=\"_blank\" rel=\"noopener noreferrer\"><strong>LINK<\/strong><\/a><\/li>\n<\/ul>\n<h2>HASZNOS ID\u0150T\u00d6LT\u00c9S<\/h2>\n<ul>\n<li>J\u00e1t\u00e9k az unok\u00e1val &#8211; <a href=\"https:\/\/www.nagyszuloklapja.hu\/jatek-az-unokaval\/3798\/mit-jatsszunk-a-gyerekkel-81-szuper-otlet-0-10-eves-korig-nagyszulok-mondtak-el-az-unokak-kedvenc-jatekait.html?fbclid=IwAR0X7pXMRbuqtqVj32TZD5OUX0pjqOheqnILicdLnvuPNtuBeLgPcGWO2U4\" target=\"_blank\" rel=\"noopener noreferrer\"><strong>LINK<\/strong><\/a><\/li>\n<li>Gyermekszoba \u2013 Lego tippek &#8211; <a href=\"https:\/\/www.gyerekszobafalmatrica.hu\/blog\/392-lego-kihivas-30-nap-30-feladat?fbclid=IwAR1f2B_xeAmJ_GWTOnhWsqRxKajRKuEpcA1c8WlXnKixEafqumepTFo1Awc\" target=\"_blank\" rel=\"noopener noreferrer\"><strong>LINK<\/strong><\/a><\/li>\n<li>Eszk\u00f6z n\u00e9lk\u00fcli j\u00e1t\u00e9k\u00f6tletek &#8211; <a href=\"https:\/\/anapfenyillata.cafeblog.hu\/2015\/07\/18\/152-eszkoz-nelkul-jatszhato-jatek-igy-kosd-le-az-unatkozo-gyereket\/?fbclid=IwAR0oi6DNnqHvuDrgulsayoc_GeP2tEmZjA45ABGcF_1hgyKqwrYdHF3AMjA\" target=\"_blank\" rel=\"noopener noreferrer\"><strong>LINK<\/strong><\/a><\/li>\n<li>K\u00eds\u00e9rletek &#8211; <a href=\"https:\/\/anapfenyillata.cafeblog.hu\/2020\/03\/21\/varazslatos-kiserletek-gyerekeknek-otthoni-alapanyagokbol\/?fbclid=IwAR2_ql4ZM7D62m7cvt8t-MUKQWzfg5-OMIffi3BCya3lYRAT883G0QqRPyE\" target=\"_blank\" rel=\"noopener noreferrer\"><strong>LINK<\/strong><\/a><\/li>\n<\/ul>\n<h2>MESET\u00c1R<\/h2>\n<ul>\n<li>Nevelj\u00fcnk olvas\u00f3kat &#8211; <a href=\"https:\/\/egigerokonyvek.blog.hu\/2019\/04\/10\/ezekre_a_konyvekre_van_szuksegetek_ha_felenk_zarkozott_vagy_beilleszkedesi_gondokkal_kuzd_a_gyereket?fbclid=IwAR0rZlj8zbGCgnVMkr4ohqP9TiCghibvUa1SBVIR-KmNMHHogmhXHAvjDDg\" target=\"_blank\" rel=\"noopener noreferrer\"><strong>LINK<\/strong><\/a><\/li>\n<li>N\u00e9pmesekincst\u00e1r &#8211; <a href=\"https:\/\/mese.mesepedagogia.hu\/wp-content\/uploads\/2020\/03\/Felelemuzo-batorito-nepmesek.pdf?fbclid=IwAR0oi6DNnqHvuDrgulsayoc_GeP2tEmZjA45ABGcF_1hgyKqwrYdHF3AMjA\" target=\"_blank\" rel=\"noopener noreferrer\"><strong>LINK<\/strong><\/a><\/li>\n<\/ul>\n<p>&nbsp;<\/p>\n<p>&nbsp;<\/p>\n<p>&nbsp;<\/p>\n","protected":false},"excerpt":{"rendered":"<p>FEJLESZT\u00c9SEK: Iskol\u00e1s leszek &#8211; LINK Fejleszt\u0151j\u00e1t\u00e9kok az els\u0151 oszt\u00e1lyban \u00e9s \u00f3vod\u00e1ban &#8211; LINK Feladatok, j\u00e1t\u00e9kok vide\u00f3k iskol\u00e1soknak &#8211; LINK Hall\u00e1sfejleszt\u0151 program &#8211; LINK Grafomotorika &#8211; gyakorl\u00f3lapok<span class=\"excerpt-hellip\"> [\u2026]<\/span><\/p>\n","protected":false},"author":1,"featured_media":0,"parent":0,"menu_order":0,"comment_status":"closed","ping_status":"closed","template":"","meta":[],"_links":{"self":[{"href":"https:\/\/poradnads.sk\/hu\/wp-json\/wp\/v2\/pages\/552"}],"collection":[{"href":"https:\/\/poradnads.sk\/hu\/wp-json\/wp\/v2\/pages"}],"about":[{"href":"https:\/\/poradnads.sk\/hu\/wp-json\/wp\/v2\/types\/page"}],"author":[{"embeddable":true,"href":"https:\/\/poradnads.sk\/hu\/wp-json\/wp\/v2\/users\/1"}],"replies":[{"embeddable":true,"href":"https:\/\/poradnads.sk\/hu\/wp-json\/wp\/v2\/comments?post=552"}],"version-history":[{"count":0,"href":"https:\/\/poradnads.sk\/hu\/wp-json\/wp\/v2\/pages\/552\/revisions"}],"wp:attachment":[{"href":"https:\/\/poradnads.sk\/hu\/wp-json\/wp\/v2\/media?parent=552"}],"curies":[{"name":"wp","href":"https:\/\/api.w.org\/{rel}","templated":true}]}}