{"id":229,"date":"2014-09-04T21:42:52","date_gmt":"2014-09-04T19:42:52","guid":{"rendered":"http:\/\/poradnads.sk\/?page_id=229"},"modified":"2014-09-04T22:04:19","modified_gmt":"2014-09-04T20:04:19","slug":"letoltesek","status":"publish","type":"page","link":"https:\/\/poradnads.sk\/hu\/letoltesek\/","title":{"rendered":"Let\u00f6lt\u00e9sek"},"content":{"rendered":"<div class='w3eden'>\n    <div class=''>\n\n        <form method=\"get\" class=\"\" data-container=\"#content_wpdm_package_1\" id=\"sc_form_wpdm_package_1\" style=\"margin-bottom: 15px\">\n    \n            <div class=\"card panel panel-default wpdm-shortcode-toolbar\">\n                <div class=\"card-body panel-body\">\n                    <div class=\"row\">\n                        <div class=\"col-lg-6 col-md-12\">\n                            <input type=\"search\" name=\"skw\" value=\"\" placeholder=\"Kulcssz\u00f3 Keres\u00e9se...\" class=\"form-control\" \/>\n                        <\/div>\n                        <div class=\"col-lg-2 col-md-4\">\n                            <select name=\"orderby\" class=\"wpdm-custom-select custom-select\">\n                                <option value=\"date\" disabled=\"disabled\">Rendez\u00e9s:<\/option>\n                                <option value=\"date\" >K\u00f6zz\u00e9t\u00e9tel d\u00e1tuma<\/option>\n                                <option value=\"title\" >C\u00edm<\/option>\n                                <option value=\"update_date\" >Felt\u00f6lt\u00e9s d\u00e1tuma<\/option>\n                                <option value=\"downloads\" >Let\u00f6lt\u00e9sek<\/option>\n                                <option value=\"views\" >N\u00e9zetek<\/option>\n                            <\/select>\n                        <\/div>\n                        <div class=\"col-lg-2 col-md-4\">\n                            <select name=\"order\" class=\"wpdm-custom-select custom-select\">\n                                <option value=\"desc\" disabled=\"disabled\">Sorrend:<\/option>\n                                <option value=\"desc\" >Cs\u00f6kken\u0151<\/option>\n                                <option value=\"asc\" >N\u00f6vekv\u0151<\/option>\n                            <\/select>\n                        <\/div>\n                        <div class=\"col-lg-2 col-md-4\">\n                            <button type=\"submit\" class=\"btn btn-secondary btn-block\">Sz\u0171r\u0151 Alkalmaz\u00e1sa<\/button>\n                        <\/div>\n                    <\/div>\n                <\/div>\n            <\/div>\n\n            <\/form>\n<div class=\"spacer mb-3 d-block clearfix\"><\/div>\n\n        <div id=\"content_wpdm_package_1\">\n            <div class='row'><div class='col-lg-4 col-md-6 col-12'><!-- WPDM Link Template: Default Template -->\n\n<div class=\"link-template-default card mb-2\">\n    <div class=\"card-body\">\n        <div class=\"media\">\n            <div class=\"mr-3 img-48\"><img class=\"wpdm_icon\" alt=\"Ikon\" src=\"https:\/\/poradnads.sk\/wp-content\/plugins\/download-manager\/assets\/file-type-icons\/docx.svg\" \/><\/div>\n            <div class=\"media-body\">\n                <h3 class=\"package-title\"><a href='https:\/\/poradnads.sk\/hu\/download\/informovany-suhlas\/'>Informovan\u00fd s\u00fahlas<\/a><\/h3>\n                <div class=\"text-muted text-small\"><i class=\"fas fa-copy\"><\/i> 1 f\u00e1jl(ok) <i class=\"fas fa-hdd ml-3\"><\/i> 41.29 KB<\/div>\n            <\/div>\n            <div class=\"ml-3\">\n                <a class='wpdm-download-link download-on-click btn btn-primary ' rel='nofollow' href='#' data-downloadurl=\"https:\/\/poradnads.sk\/hu\/download\/informovany-suhlas\/?wpdmdl=1066&refresh=69f1b22004c8d1777447456\">Let\u00f6lt\u00e9s<\/a>\n            <\/div>\n        <\/div>\n    <\/div>\n<\/div>\n\n<\/div><div class='col-lg-4 col-md-6 col-12'><!-- WPDM Link Template: Default Template -->\n\n<div class=\"link-template-default card mb-2\">\n    <div class=\"card-body\">\n        <div class=\"media\">\n            <div class=\"mr-3 img-48\"><img class=\"wpdm_icon\" alt=\"Ikon\" src=\"https:\/\/poradnads.sk\/wp-content\/plugins\/download-manager\/assets\/file-type-icons\/pptx.svg\" \/><\/div>\n            <div class=\"media-body\">\n                <h3 class=\"package-title\"><a href='https:\/\/poradnads.sk\/hu\/download\/najkrajsi-sperk-rodiny-je-dieta\/'>Najkraj\u0161\u00ed \u0161perk rodiny je DIE\u0164A<\/a><\/h3>\n                <div class=\"text-muted text-small\"><i class=\"fas fa-copy\"><\/i> 1 f\u00e1jl(ok) <i class=\"fas fa-hdd ml-3\"><\/i> 795.86 KB<\/div>\n            <\/div>\n            <div class=\"ml-3\">\n                <a class='wpdm-download-link download-on-click btn btn-primary ' rel='nofollow' href='#' data-downloadurl=\"https:\/\/poradnads.sk\/hu\/download\/najkrajsi-sperk-rodiny-je-dieta\/?wpdmdl=851&refresh=69f1b22007e1b1777447456\">Let\u00f6lt\u00e9s<\/a>\n            <\/div>\n        <\/div>\n    <\/div>\n<\/div>\n\n<\/div><div class='col-lg-4 col-md-6 col-12'><!-- WPDM Link Template: Default Template -->\n\n<div class=\"link-template-default card mb-2\">\n    <div class=\"card-body\">\n        <div class=\"media\">\n            <div class=\"mr-3 img-48\"><img class=\"wpdm_icon\" alt=\"Ikon\" src=\"https:\/\/poradnads.sk\/wp-content\/plugins\/download-manager\/assets\/file-type-icons\/pptx.svg\" \/><\/div>\n            <div class=\"media-body\">\n                <h3 class=\"package-title\"><a href='https:\/\/poradnads.sk\/hu\/download\/tanulasi_zavarok_malvina_anna\/'>Tanul\u00e1si_zavarok_Malv\u00edna,_Anna<\/a><\/h3>\n                <div class=\"text-muted text-small\"><i class=\"fas fa-copy\"><\/i> 1 f\u00e1jl(ok) <i class=\"fas fa-hdd ml-3\"><\/i> 1.05 MB<\/div>\n            <\/div>\n            <div class=\"ml-3\">\n                <a class='wpdm-download-link download-on-click btn btn-primary ' rel='nofollow' href='#' data-downloadurl=\"https:\/\/poradnads.sk\/hu\/download\/tanulasi_zavarok_malvina_anna\/?wpdmdl=785&refresh=69f1b2200a57f1777447456\">Let\u00f6lt\u00e9s<\/a>\n            <\/div>\n        <\/div>\n    <\/div>\n<\/div>\n\n<\/div><div class='col-lg-4 col-md-6 col-12'><!-- WPDM Link Template: Default Template -->\n\n<div class=\"link-template-default card mb-2\">\n    <div class=\"card-body\">\n        <div class=\"media\">\n            <div class=\"mr-3 img-48\"><img class=\"wpdm_icon\" alt=\"Ikon\" src=\"https:\/\/poradnads.sk\/wp-content\/plugins\/download-manager\/assets\/file-type-icons\/rar.svg\" \/><\/div>\n            <div class=\"media-body\">\n                <h3 class=\"package-title\"><a href='https:\/\/poradnads.sk\/hu\/download\/skolska-zrelost\/'>\u0160kolsk\u00e1 zrelos\u0165<\/a><\/h3>\n                <div class=\"text-muted text-small\"><i class=\"fas fa-copy\"><\/i> 1 f\u00e1jl(ok) <i class=\"fas fa-hdd ml-3\"><\/i> 6.66 MB<\/div>\n            <\/div>\n            <div class=\"ml-3\">\n                <a class='wpdm-download-link download-on-click btn btn-primary ' rel='nofollow' href='#' data-downloadurl=\"https:\/\/poradnads.sk\/hu\/download\/skolska-zrelost\/?wpdmdl=784&refresh=69f1b2200cb5d1777447456\">Let\u00f6lt\u00e9s<\/a>\n            <\/div>\n        <\/div>\n    <\/div>\n<\/div>\n\n<\/div><div class='col-lg-4 col-md-6 col-12'><!-- WPDM Link Template: Default Template -->\n\n<div class=\"link-template-default card mb-2\">\n    <div class=\"card-body\">\n        <div class=\"media\">\n            <div class=\"mr-3 img-48\"><img class=\"wpdm_icon\" alt=\"Ikon\" src=\"https:\/\/poradnads.sk\/wp-content\/plugins\/download-manager\/assets\/file-type-icons\/pdf.svg\" \/><\/div>\n            <div class=\"media-body\">\n                <h3 class=\"package-title\"><a href='https:\/\/poradnads.sk\/hu\/download\/mam-doma-prvaka\/'>M\u00e1m doma prv\u00e1ka<\/a><\/h3>\n                <div class=\"text-muted text-small\"><i class=\"fas fa-copy\"><\/i> 1 f\u00e1jl(ok) <i class=\"fas fa-hdd ml-3\"><\/i> 1.54 MB<\/div>\n            <\/div>\n            <div class=\"ml-3\">\n                <a class='wpdm-download-link download-on-click btn btn-primary ' rel='nofollow' href='#' data-downloadurl=\"https:\/\/poradnads.sk\/hu\/download\/mam-doma-prvaka\/?wpdmdl=783&refresh=69f1b2200f1391777447456\">Let\u00f6lt\u00e9s<\/a>\n            <\/div>\n        <\/div>\n    <\/div>\n<\/div>\n\n<\/div><div class='col-lg-4 col-md-6 col-12'><!-- WPDM Link Template: Default Template -->\n\n<div class=\"link-template-default card mb-2\">\n    <div class=\"card-body\">\n        <div class=\"media\">\n            <div class=\"mr-3 img-48\"><img class=\"wpdm_icon\" alt=\"Ikon\" src=\"https:\/\/poradnads.sk\/wp-content\/plugins\/download-manager\/assets\/file-type-icons\/rar.svg\" \/><\/div>\n            <div class=\"media-body\">\n                <h3 class=\"package-title\"><a href='https:\/\/poradnads.sk\/hu\/download\/iskolaerettseg\/'>Iskola\u00e9retts\u00e9g<\/a><\/h3>\n                <div class=\"text-muted text-small\"><i class=\"fas fa-copy\"><\/i> 1 f\u00e1jl(ok) <i class=\"fas fa-hdd ml-3\"><\/i> 6.28 MB<\/div>\n            <\/div>\n            <div class=\"ml-3\">\n                <a class='wpdm-download-link download-on-click btn btn-primary ' rel='nofollow' href='#' data-downloadurl=\"https:\/\/poradnads.sk\/hu\/download\/iskolaerettseg\/?wpdmdl=782&refresh=69f1b2201171c1777447456\">Let\u00f6lt\u00e9s<\/a>\n            <\/div>\n        <\/div>\n    <\/div>\n<\/div>\n\n<\/div><div class='col-lg-4 col-md-6 col-12'><!-- WPDM Link Template: Default Template -->\n\n<div class=\"link-template-default card mb-2\">\n    <div class=\"card-body\">\n        <div class=\"media\">\n            <div class=\"mr-3 img-48\"><img class=\"wpdm_icon\" alt=\"Ikon\" src=\"https:\/\/poradnads.sk\/wp-content\/plugins\/download-manager\/assets\/file-type-icons\/pdf.svg\" \/><\/div>\n            <div class=\"media-body\">\n                <h3 class=\"package-title\"><a href='https:\/\/poradnads.sk\/hu\/download\/hogyan_konnyitsuk_meg_a_gyermek_beszoktatasat_az_ovodaba\/'>Hogyan_k\u00f6nny\u00edts\u00fck_meg_a_gyermek_beszoktat\u00e1s\u00e1t_az_\u00f3vod\u00e1ba<\/a><\/h3>\n                <div class=\"text-muted text-small\"><i class=\"fas fa-copy\"><\/i> 1 f\u00e1jl(ok) <i class=\"fas fa-hdd ml-3\"><\/i> 87.85 KB<\/div>\n            <\/div>\n            <div class=\"ml-3\">\n                <a class='wpdm-download-link download-on-click btn btn-primary ' rel='nofollow' href='#' data-downloadurl=\"https:\/\/poradnads.sk\/hu\/download\/hogyan_konnyitsuk_meg_a_gyermek_beszoktatasat_az_ovodaba\/?wpdmdl=781&refresh=69f1b22013d7b1777447456\">Let\u00f6lt\u00e9s<\/a>\n            <\/div>\n        <\/div>\n    <\/div>\n<\/div>\n\n<\/div><div class='col-lg-4 col-md-6 col-12'><!-- WPDM Link Template: Default Template -->\n\n<div class=\"link-template-default card mb-2\">\n    <div class=\"card-body\">\n        <div class=\"media\">\n            <div class=\"mr-3 img-48\"><img class=\"wpdm_icon\" alt=\"Ikon\" src=\"https:\/\/poradnads.sk\/wp-content\/plugins\/download-manager\/assets\/file-type-icons\/pdf.svg\" \/><\/div>\n            <div class=\"media-body\">\n                <h3 class=\"package-title\"><a href='https:\/\/poradnads.sk\/hu\/download\/kiselsos-a-gyermekem\/'>Kisels\u0151s a gyermekem<\/a><\/h3>\n                <div class=\"text-muted text-small\"><i class=\"fas fa-copy\"><\/i> 1 f\u00e1jl(ok) <i class=\"fas fa-hdd ml-3\"><\/i> 1.53 MB<\/div>\n            <\/div>\n            <div class=\"ml-3\">\n                <a class='wpdm-download-link download-on-click btn btn-primary ' rel='nofollow' href='#' data-downloadurl=\"https:\/\/poradnads.sk\/hu\/download\/kiselsos-a-gyermekem\/?wpdmdl=780&refresh=69f1b220164a51777447456\">Let\u00f6lt\u00e9s<\/a>\n            <\/div>\n        <\/div>\n    <\/div>\n<\/div>\n\n<\/div><div class='col-lg-4 col-md-6 col-12'><!-- WPDM Link Template: Default Template -->\n\n<div class=\"link-template-default card mb-2\">\n    <div class=\"card-body\">\n        <div class=\"media\">\n            <div class=\"mr-3 img-48\"><img class=\"wpdm_icon\" alt=\"Ikon\" src=\"https:\/\/poradnads.sk\/wp-content\/plugins\/download-manager\/assets\/file-type-icons\/pdf.svg\" \/><\/div>\n            <div class=\"media-body\">\n                <h3 class=\"package-title\"><a href='https:\/\/poradnads.sk\/hu\/download\/ako_ulahcit_adaptaciu_dietata_na_matersku_skolu\/'>Ako_u\u013eah\u010di\u0165_adapt\u00e1ciu_die\u0165a\u0165a_na_matersk\u00fa_\u0161kolu<\/a><\/h3>\n                <div class=\"text-muted text-small\"><i class=\"fas fa-copy\"><\/i> 1 f\u00e1jl(ok) <i class=\"fas fa-hdd ml-3\"><\/i> 119.03 KB<\/div>\n            <\/div>\n            <div class=\"ml-3\">\n                <a class='wpdm-download-link download-on-click btn btn-primary ' rel='nofollow' href='#' data-downloadurl=\"https:\/\/poradnads.sk\/hu\/download\/ako_ulahcit_adaptaciu_dietata_na_matersku_skolu\/?wpdmdl=779&refresh=69f1b22018cb41777447456\">Let\u00f6lt\u00e9s<\/a>\n            <\/div>\n        <\/div>\n    <\/div>\n<\/div>\n\n<\/div><\/div>            <div style='clear:both'><\/div><div class='text-center'><ul class='pagination wpdm-pagination pagination-centered text-center'><li><span aria-current=\"page\" class=\"page-numbers current\">1<\/span><\/li><li><a data-container='#content_wpdm_package_1' class=\"page-numbers\" href=\"https:\/\/poradnads.sk\/hu\/wp-json\/wp\/v2\/pages\/229\/?cp=2\">2<\/a><\/li><li><a data-container='#content_wpdm_package_1' class=\"page-numbers\" href=\"https:\/\/poradnads.sk\/hu\/wp-json\/wp\/v2\/pages\/229\/?cp=3\">3<\/a><\/li><li><a data-container='#content_wpdm_package_1' class=\"next page-numbers\" href=\"https:\/\/poradnads.sk\/hu\/wp-json\/wp\/v2\/pages\/229\/?cp=2\"> <i style=\"display: inline-block;width: 8px;height: 8px;border-right: 2px solid;border-top: 2px solid;transform: rotate(45deg);margin-left: -2px;margin-top: -2px;\"><\/i> <\/a><\/li><\/ul><\/div><div style='clear:both'><\/div>        <\/div>\n\n        <div style='clear:both'><\/div>\n    <\/div>\n<\/div>\n\n","protected":false},"excerpt":{"rendered":"Rendez\u00e9s: K\u00f6zz\u00e9t\u00e9tel d\u00e1tuma C\u00edm Felt\u00f6lt\u00e9s d\u00e1tuma Let\u00f6lt\u00e9sek N\u00e9zetek Sorrend: Cs\u00f6kken\u0151 N\u00f6vekv\u0151 Sz\u0171r\u0151 Alkalmaz\u00e1sa Informovan\u00fd s\u00fahlas 1 f\u00e1jl(ok) 41.29 KB Let\u00f6lt\u00e9s Najkraj\u0161\u00ed \u0161perk rodiny je DIE\u0164A 1<span class=\"excerpt-hellip\"> [\u2026]<\/span>","protected":false},"author":1,"featured_media":0,"parent":0,"menu_order":0,"comment_status":"open","ping_status":"open","template":"","meta":[],"_links":{"self":[{"href":"https:\/\/poradnads.sk\/hu\/wp-json\/wp\/v2\/pages\/229"}],"collection":[{"href":"https:\/\/poradnads.sk\/hu\/wp-json\/wp\/v2\/pages"}],"about":[{"href":"https:\/\/poradnads.sk\/hu\/wp-json\/wp\/v2\/types\/page"}],"author":[{"embeddable":true,"href":"https:\/\/poradnads.sk\/hu\/wp-json\/wp\/v2\/users\/1"}],"replies":[{"embeddable":true,"href":"https:\/\/poradnads.sk\/hu\/wp-json\/wp\/v2\/comments?post=229"}],"version-history":[{"count":0,"href":"https:\/\/poradnads.sk\/hu\/wp-json\/wp\/v2\/pages\/229\/revisions"}],"wp:attachment":[{"href":"https:\/\/poradnads.sk\/hu\/wp-json\/wp\/v2\/media?parent=229"}],"curies":[{"name":"wp","href":"https:\/\/api.w.org\/{rel}","templated":true}]}}