{"id":227,"date":"2014-09-04T21:42:00","date_gmt":"2014-09-04T19:42:00","guid":{"rendered":"http:\/\/poradnads.sk\/?page_id=227"},"modified":"2020-09-29T16:37:58","modified_gmt":"2020-09-29T14:37:58","slug":"szolgaltatasaink","status":"publish","type":"page","link":"https:\/\/poradnads.sk\/hu\/szolgaltatasaink\/","title":{"rendered":"Szolg\u00e1ltat\u00e1saink"},"content":{"rendered":"<p><b>A\u00a0Dunaszerdahelyi Pedag\u00f3giai-Pszichol\u00f3giai Tan\u00e1csad\u00f3 \u00e9s Prevenci\u00f3s K\u00f6zpont\u00a0<\/b><b>egy\u00fcttm\u0171k\u00f6d\u00e9si k\u00edn\u00e1lata a\u00a0j\u00e1r\u00e1s iskol\u00e1i r\u00e9sz\u00e9re\u00a0<\/b><\/p>\n<p><b>I\u00a0 Pszichol\u00f3gia ter\u00fclete<\/b><\/p>\n<ul>\n<li><b>Pszichol\u00f3giai szakv\u00e9lem\u00e9nyez\u00e9s egy\u00e9ni m\u00e9r\u00e9s, diagnosztika alapj\u00e1n<span class=\"Apple-converted-space\">\u00a0 <\/span>&#8211;<span class=\"Apple-converted-space\">\u00a0 <\/span><\/b>beilleszked\u00e9si \u00e9s tanul\u00e1si neh\u00e9zs\u00e9gekkel, figyelemzavarral, magatart\u00e1si probl\u00e9m\u00e1kkal, szem\u00e9lyi \u00e9s \u00e9rzelmi probl\u00e9m\u00e1kkal k\u00fczd\u0151 tanul\u00f3k eset\u00e9n, p\u00e1lyav\u00e1laszt\u00e1s \u00e9s tehets\u00e9g felm\u00e9r\u00e9s k\u00e9rd\u00e9s\u00e9ben<\/li>\n<li><b>Pszichol\u00f3giai diagnosztika csoportok r\u00e9sz\u00e9re \u2013 <\/b>\u00e9rdekl\u0151d\u00e9si k\u00f6r meg\u00e1llap\u00edt\u00e1sa p\u00e1lyav\u00e1laszz\u00e1s k\u00e9rd\u00e9s\u00e9ben oszt\u00e1lyok r\u00e9sz\u00e9re<\/li>\n<li><b>Pszichol\u00f3giai tan\u00e1csad\u00e1s \u00e9s konzult\u00e1ci\u00f3 pedg\u00f3gusok, sz\u00fcl\u0151k \u00e9s tanul\u00f3k r\u00e9sz\u00e9re <\/b>a\u00a0fennteml\u00edtett t\u00e9mak\u00f6r\u00f6k b\u00e1rmelyik\u00e9ben<\/li>\n<\/ul>\n<p><b>II <span class=\"Apple-converted-space\">\u00a0 <\/span>Gy\u00f3gypedag\u00f3gia ter\u00fclete<\/b><\/p>\n<ul>\n<li><b>Gy\u00f3gypedag\u00f3giai szakv\u00e9lem\u00e9nyez\u00e9s egy\u00e9ni m\u00e9r\u00e9s, diagnosztika alapj\u00e1n \u2013 <\/b>tanul\u00e1si probl\u00e9m\u00e1k, neh\u00e9zs\u00e9gek, grafomotorikai k\u00e9szs\u00e9gek, odalis\u00e1g zavara, r\u00e9szk\u00e9pess\u00e9i hi\u00e1nyoss\u00e1g eset\u00e9n,<span class=\"Apple-converted-space\">\u00a0<\/span><\/li>\n<li><b>Gy\u00f3gypedag\u00f3giai diagnosztika csoportok r\u00e9sz\u00e9re<\/b><\/li>\n<li><b>Gy\u00f3gypedag\u00f3giai tan\u00e1csad\u00e1s \u00e9s konzult\u00e1ci\u00f3 pedag\u00f3gusok, sz\u00fcl\u0151k \u00e9s tanul\u00f3k r\u00e9sz\u00e9re<\/b><\/li>\n<li><b>Gy\u00f3gypedag\u00f3giai szakfoglalkoz\u00e1sok, fejleszt\u00e9sek egy\u00e9ni m\u00e9r\u00e9sek alapj\u00e1n<\/b><\/li>\n<\/ul>\n<p><b>III <span class=\"Apple-converted-space\">\u00a0 <\/span>Prevenci\u00f3, megel\u0151z\u00e9s<\/b><\/p>\n<ul>\n<li><b>Szoci\u00e1lis diagnosztika<\/b><b> \u2013 Az ozt\u00e1ly hangulat\u00e1nak m\u00e9r\u00e9se k\u00e9rd\u0151\u00edves m\u00f3dszerrel:<\/b><\/li>\n<\/ul>\n<ul>\n<li><b>A\u00a0mi oszt\u00e1lyunk \u2013 <\/b>\u00f6sszetartoz\u00e1s, megel\u00e9gedetts\u00e9g, verseng\u00e9s m\u00e9r\u00e9se \u2013 3-6. \u00e9vfolyamok r\u00e9sz\u00e9re<b><span class=\"Apple-converted-space\">\u00a0<\/span><\/b><\/li>\n<li><b>SO-RA-D k\u00e9rd\u0151\u00edv seg\u00edts\u00e9g\u00e9vel<\/b> \u2013 az osz\u00e1ly\u00f6sszet\u00e9tel szoci\u00e1lis kapcsolatok szintj\u00e9n, egyes szem\u00e9lyek \u00e1ltal elfoglalt poz\u00edci\u00f3k, az oszt\u00e1lykoh\u00e9zi\u00f3 \u00e9s<span class=\"Apple-converted-space\">\u00a0 <\/span>\u00e9rzelmi hangulatok megismer\u00e9s\u00e9re adunk lehet\u0151s\u00e9get.<span class=\"Apple-converted-space\">\u00a0 <\/span>5 _ 9. \u00e9vfolyamok r\u00e9sz\u00e9re<\/li>\n<li><b>Trieda v\u00a0kr\u00edze <\/b>\u2013 a\u00a0kapcsolati probl\u00e9m\u00e1k felt\u00e1r\u00e1s\u00e1t seg\u00edti, illetve megold\u00e1sukhoz \u00a0k\u00edn\u00e1l c\u00e9lzott strat\u00e9gi\u00e1kat<\/li>\n<\/ul>\n<ul>\n<li><b><\/b><b>Besz\u00e9lget\u00e9sek, interakt\u00edv tal\u00e1lkoz\u00f3k t\u00e9mak\u00f6rei<\/b><\/li>\n<\/ul>\n<ul>\n<li><b>Iskolai b\u00e1ntalmaz\u00e1s, zaklat\u00e1s <\/b>\u2013 3.-4. \u00e9vfolyamok r\u00e9sz\u00e9re, 5.-9. \u00e9vfolyamok \u00e9s a\u00a0k\u00f6z\u00e9piskol\u00e1k r\u00e9sz\u00e9re<\/li>\n<li><b>Drogok \u00e9s f\u00fcgg\u0151s\u00e9gek <\/b>\u2013 5.-9. \u00e9vfolyamok, \u00e9s a\u00a0k\u00f6z\u00e9piskol\u00e1k r\u00e9sz\u00e9re<\/li>\n<li><b>Partnerkapcsolatok \u00e9s a\u00a0szexualit\u00e1s<\/b> &#8211; 8.-9. \u00e9vfolyamok, \u00e9s a\u00a0k\u00f6z\u00e9piskol\u00e1k r\u00e9sz\u00e9re<\/li>\n<li><b>Kiberb\u0171n\u00f6z\u00e9s <\/b>\u2013 a\u00a0modern technol\u00f3gia az \u00e9let\u00fcnkben, jelenl\u00e9t a\u00a0vil\u00e1gh\u00e1l\u00f3n<\/li>\n<li><b>Mit akarok az \u00e9letemmel \u2013<\/b> p\u00e1lyaorient\u00e1ci\u00f3 \u00e9s \u2013v\u00e1laszt\u00e1s 5.-8. . \u00e9vfolyamok<\/li>\n<li>\u00e9s a\u00a0k\u00f6z\u00e9piskol\u00e1k r\u00e9sz\u00e9re<\/li>\n<\/ul>\n<ul>\n<li><b><\/b><b>Csoportfoglalkoz\u00e1sok<\/b><\/li>\n<\/ul>\n<ul>\n<li><b>Tudom-e ki vagyok? \u2013<\/b> \u00f6nismeret, m\u00e1sok ismerete &#8211; 5.-9. \u00e9vfolyamok \u00e9s \u00a0k\u00f6z\u00e9piskol\u00e1k r\u00e9sz\u00e9re<\/li>\n<li><b>\u011arz\u00e9sek \u00e9s \u00e9rzelmek \u2013 <\/b>az \u00e9rz\u00e9sek \u00e9s \u00e9rzelmekkifejez\u00e9se, emp\u00e1tia fejleszt\u00e9se \u2013 5.-9. \u00e9vfolamok r\u00e9sz\u00e9re<\/li>\n<li><b>Kommunik\u00e1ci\u00f3s k\u00e9szs\u00e9gek<span class=\"Apple-converted-space\">\u00a0 <\/span>fejleszt\u00e9se \u2013<\/b> az emberi kapcsolatok, aszertivit\u00e1s \u00e9s \u00f6nbizalom fejleszt\u00e9se<span class=\"Apple-converted-space\">\u00a0 <\/span>a\u00a0tisztelet \u00e9s \u00f6nbecs\u00fcl\u00e9s \u00fatj\u00e1n<\/li>\n<li><b>A\u00a0konfliktusok konstrukt\u00edv old\u00e1sa \u2013 <\/b>5.-9. \u00e9vfolyamok \u00e9s \u00a0k\u00f6z\u00e9piskol\u00e1k r\u00e9sz\u00e9re<\/li>\n<\/ul>\n<ul>\n<li><b><\/b><b>K\u00f6z\u00e9p- \u00e9s hosszabb t\u00e1v\u00fa program k\u00edn\u00e1lat<\/b><\/li>\n<\/ul>\n<ul>\n<li><b>\u00d6nismeret a\u00a0klasszikus mes\u00e9k nyom\u00e1n \u2013 l\u00e1nyok r\u00e9sz\u00e9re &#8211;<span class=\"Apple-converted-space\">\u00a0<\/span><\/b> 8.-9. \u00e9vfolyamt\u00f3l<\/li>\n<li><b>Srdce na dlani \u2013<\/b> toleranci\u00e1ra \u00e9s er\u0151szakmentess\u00e9gre nevel\u0151 program \u2013 1.-4- \u00e9vfolyamok r\u00e9sz\u00e9re 9 tal\u00e1lkoz\u00f3 alkalm\u00e1val<\/li>\n<li><b>A\u00a0mi utunk \u2013<\/b> szoci\u00e1is k\u00e9szs\u00e9geket fejleszt\u0151 program &#8211; 5.-9. \u00e9vfolyamok<span class=\"Apple-converted-space\">\u00a0 <\/span>r\u00e9sz\u00e9re<\/li>\n<li><b>\u00dat az \u00e9rzelmi \u00e9retts\u00e9ghez &#8211; <\/b>5.-9. \u00e9vfolyamok r\u00e9sz\u00e9re<\/li>\n<li><b>\u00d6nismeret \u00fatj\u00e1n a\u00a0p\u00e1lyav\u00e1laszt\u00e1shoz &#8211; 7<\/b>. \u00e9vfolyam r\u00e9sz\u00e9re, 10 alkalommal<\/li>\n<\/ul>\n<p><b>IV<span class=\"Apple-converted-space\">\u00a0 <\/span>Pedag\u00f3gusok r\u00e9sz\u00e9re<\/b><span class=\"Apple-converted-space\">\u00a0<\/span><\/p>\n<ul>\n<li><b>Individu\u00e1lis konzult\u00e1ci\u00f3, <\/b>ter\u00e1pi\u00e1s besz\u00e9lget\u00e9sek<\/li>\n<li><b>Relax\u00e1ci\u00f3 lehet\u0151s\u00e9ge t\u00f6bb m\u00f3dszer vegy\u00edt\u00e9s\u00e9vel egy\u00e9nek ill kollekt\u00edv\u00e1k r\u00e9sz\u00e9re<\/b><\/li>\n<li><b>Konfliktus kezel\u00e9s \u2013 <\/b>konstrukt\u00edv megold\u00e1sok k\u00f6z\u00f6s felt\u00e1r\u00e1sa kollekt\u00edv\u00e1k r\u00e9sz\u00e9re<\/li>\n<li><b>Oszt\u00e1ly\/m\u0171k\u00f6d\u00e9si szab\u00e1lyok bevezet\u00e9se \u2013 <\/b>pozit\u00edv oszt\u00e1lykl\u00edma kialak\u00edt\u00e1s\u00e1nak el\u0151seg\u00edt\u00e9se a<span class=\"Apple-converted-space\">\u00a0 <\/span>1.-4. \u00e9vfolyamokban<\/li>\n<li><b>\u00d6nismeret klasszikus mes\u00e9k \u00fatj\u00e1n \u2013 feln\u0151tteknek <span class=\"Apple-converted-space\">\u00a0 <\/span>&#8211;<span class=\"Apple-converted-space\">\u00a0 <\/span><\/b>iskolaklubbos nevel\u0151k r\u00e9sz\u00e9re<\/li>\n<\/ul>\n<p><b>Tisztelt figyelm\u00fckbe aj\u00e1nlom tov\u00e1bbi felh\u00edv\u00e1sunkat!<\/b><\/p>\n<p><b>Az egy\u00e9ni kivizsg\u00e1l\u00e1sokra val\u00f3 ig\u00e9nyek bejelent\u00e9se:<\/b><\/p>\n<ul>\n<li><b>\u00cdrott form\u00e1ban a\u00a0bejelentkez\u00e9si lapon t\u00f6rt\u00e9nik<span class=\"Apple-converted-space\">\u00a0<\/span><\/b><\/li>\n<\/ul>\n<p><b>(<\/b><b>prihl\u00e1\u0161ka na vy\u0161etrenie) \u2013 magyar nyelven t\u00f6lthet\u0151<\/b><\/p>\n<p><b>\u00a0tanul\u00f3 jellemz\u00e9s\u00e9vel, megfigyel\u00e9sek le\u00edr\u00e1s\u00e1val<\/b><\/p>\n<p><b> (\u0161kolsk\u00fd z\u00e1znam \u017eiaka) \u2013 magyar nyelven t\u00f6lthet\u0151<\/b><\/p>\n<p><b>Folyamatosan lehets\u00e9ges az ig\u00e9ny felmer\u00fcl\u00e9se nyom\u00e1n az eg\u00e9sz tan\u00e9v sor\u00e1n.<\/b><\/p>\n<p><b>A\u00a0megval\u00f3s\u00edt\u00e1s id\u0151pontj\u00e1t egy\u00e9nileg fogjuk egyeztetni \u00d6n\u00f6kkel.<\/b><\/p>\n<p><b>Telefonos el\u00e9rhet\u0151s\u00e9g: 0917 762 017 <strong>Email:<\/strong> riaditelka@poradnads.sk<\/b><\/p>\n<p><b>\u00dcdv\u00f6zlettel.<\/b><\/p>\n<p><b> Dud\u00e1s T\u00edmea &#8211;\u00a0<\/b><b>int\u00e9zm\u00e9nyvezet\u0151<\/b><\/p>\n","protected":false},"excerpt":{"rendered":"<p>A\u00a0Dunaszerdahelyi Pedag\u00f3giai-Pszichol\u00f3giai Tan\u00e1csad\u00f3 \u00e9s Prevenci\u00f3s K\u00f6zpont\u00a0egy\u00fcttm\u0171k\u00f6d\u00e9si k\u00edn\u00e1lata a\u00a0j\u00e1r\u00e1s iskol\u00e1i r\u00e9sz\u00e9re\u00a0 I\u00a0 Pszichol\u00f3gia ter\u00fclete Pszichol\u00f3giai szakv\u00e9lem\u00e9nyez\u00e9s egy\u00e9ni m\u00e9r\u00e9s, diagnosztika alapj\u00e1n\u00a0 &#8211;\u00a0 beilleszked\u00e9si \u00e9s tanul\u00e1si neh\u00e9zs\u00e9gekkel, figyelemzavarral, magatart\u00e1si<span class=\"excerpt-hellip\"> [\u2026]<\/span><\/p>\n","protected":false},"author":1,"featured_media":0,"parent":0,"menu_order":0,"comment_status":"closed","ping_status":"closed","template":"","meta":[],"_links":{"self":[{"href":"https:\/\/poradnads.sk\/hu\/wp-json\/wp\/v2\/pages\/227"}],"collection":[{"href":"https:\/\/poradnads.sk\/hu\/wp-json\/wp\/v2\/pages"}],"about":[{"href":"https:\/\/poradnads.sk\/hu\/wp-json\/wp\/v2\/types\/page"}],"author":[{"embeddable":true,"href":"https:\/\/poradnads.sk\/hu\/wp-json\/wp\/v2\/users\/1"}],"replies":[{"embeddable":true,"href":"https:\/\/poradnads.sk\/hu\/wp-json\/wp\/v2\/comments?post=227"}],"version-history":[{"count":0,"href":"https:\/\/poradnads.sk\/hu\/wp-json\/wp\/v2\/pages\/227\/revisions"}],"wp:attachment":[{"href":"https:\/\/poradnads.sk\/hu\/wp-json\/wp\/v2\/media?parent=227"}],"curies":[{"name":"wp","href":"https:\/\/api.w.org\/{rel}","templated":true}]}}