{"id":221,"date":"2014-09-04T21:38:42","date_gmt":"2014-09-04T19:38:42","guid":{"rendered":"http:\/\/poradnads.sk\/?page_id=221"},"modified":"2014-09-04T22:03:52","modified_gmt":"2014-09-04T20:03:52","slug":"szamlak-2013","status":"publish","type":"page","link":"https:\/\/poradnads.sk\/hu\/szamlak-2013\/","title":{"rendered":"Sz\u00e1ml\u00e1k 2013"},"content":{"rendered":"<div class='w3eden'>\n    <div class=''>\n\n        <form method=\"get\" class=\"\" data-container=\"#content_wpdm_package_1\" id=\"sc_form_wpdm_package_1\" style=\"margin-bottom: 15px\">\n    \n            <div class=\"card panel panel-default wpdm-shortcode-toolbar\">\n                <div class=\"card-body panel-body\">\n                    <div class=\"row\">\n                        <div class=\"col-lg-6 col-md-12\">\n                            <input type=\"search\" name=\"skw\" value=\"\" placeholder=\"Kulcssz\u00f3 Keres\u00e9se...\" class=\"form-control\" \/>\n                        <\/div>\n                        <div class=\"col-lg-2 col-md-4\">\n                            <select name=\"orderby\" class=\"wpdm-custom-select custom-select\">\n                                <option value=\"date\" disabled=\"disabled\">Rendez\u00e9s:<\/option>\n                                <option value=\"date\" >K\u00f6zz\u00e9t\u00e9tel d\u00e1tuma<\/option>\n                                <option value=\"title\" >C\u00edm<\/option>\n                                <option value=\"update_date\" >Felt\u00f6lt\u00e9s d\u00e1tuma<\/option>\n                                <option value=\"downloads\" >Let\u00f6lt\u00e9sek<\/option>\n                                <option value=\"views\" >N\u00e9zetek<\/option>\n                            <\/select>\n                        <\/div>\n                        <div class=\"col-lg-2 col-md-4\">\n                            <select name=\"order\" class=\"wpdm-custom-select custom-select\">\n                                <option value=\"desc\" disabled=\"disabled\">Sorrend:<\/option>\n                                <option value=\"desc\" >Cs\u00f6kken\u0151<\/option>\n                                <option value=\"asc\" >N\u00f6vekv\u0151<\/option>\n                            <\/select>\n                        <\/div>\n                        <div class=\"col-lg-2 col-md-4\">\n                            <button type=\"submit\" class=\"btn btn-secondary btn-block\">Sz\u0171r\u0151 Alkalmaz\u00e1sa<\/button>\n                        <\/div>\n                    <\/div>\n                <\/div>\n            <\/div>\n\n            <\/form>\n<div class=\"spacer mb-3 d-block clearfix\"><\/div>\n\n        <div id=\"content_wpdm_package_1\">\n            <div class='row'><div class='col-lg-4 col-md-6 col-12'><!-- WPDM Link Template: Default Template -->\n\n<div class=\"link-template-default card mb-2\">\n    <div class=\"card-body\">\n        <div class=\"media\">\n            <div class=\"mr-3 img-48\"><img class=\"wpdm_icon\" alt=\"Ikon\"   src=\"https:\/\/poradnads.sk\/wp-content\/plugins\/download-manager\/assets\/file-type-icons\/pdf.png\" \/><\/div>\n            <div class=\"media-body\">\n                <h3 class=\"package-title\"><a href='https:\/\/poradnads.sk\/hu\/download\/zoznam-faktur-od-2013-01-01-2013-06-30-2\/'>Zoznam fakt\u00far od 2013.01.01-2013-06-30<\/a><\/h3>\n                <div class=\"text-muted text-small\"><i class=\"fas fa-copy\"><\/i> 1 f\u00e1jl(ok) <i class=\"fas fa-hdd ml-3\"><\/i> 812.09 KB<\/div>\n            <\/div>\n            <div class=\"ml-3\">\n                <a class='wpdm-download-link download-on-click btn btn-primary ' rel='nofollow' href='#' data-downloadurl=\"https:\/\/poradnads.sk\/hu\/download\/zoznam-faktur-od-2013-01-01-2013-06-30-2\/?wpdmdl=292&refresh=69e217e3558f21776424931\">Zoznam fakt\u00far od 2013.01.01-2013-06-30<\/a>\n            <\/div>\n        <\/div>\n    <\/div>\n<\/div>\n\n<\/div><div class='col-lg-4 col-md-6 col-12'><!-- WPDM Link Template: Default Template -->\n\n<div class=\"link-template-default card mb-2\">\n    <div class=\"card-body\">\n        <div class=\"media\">\n            <div class=\"mr-3 img-48\"><img class=\"wpdm_icon\" alt=\"Ikon\"   src=\"https:\/\/poradnads.sk\/wp-content\/plugins\/download-manager\/assets\/file-type-icons\/pdf.png\" \/><\/div>\n            <div class=\"media-body\">\n                <h3 class=\"package-title\"><a href='https:\/\/poradnads.sk\/hu\/download\/zoznam-faktur-od-2013-07-01-2013-12-31-2\/'>Zoznam fakt\u00far od 2013.07.01-2013-12-31<\/a><\/h3>\n                <div class=\"text-muted text-small\"><i class=\"fas fa-copy\"><\/i> 1 f\u00e1jl(ok) <i class=\"fas fa-hdd ml-3\"><\/i> 976.79 KB<\/div>\n            <\/div>\n            <div class=\"ml-3\">\n                <a class='wpdm-download-link download-on-click btn btn-primary ' rel='nofollow' href='#' data-downloadurl=\"https:\/\/poradnads.sk\/hu\/download\/zoznam-faktur-od-2013-07-01-2013-12-31-2\/?wpdmdl=293&refresh=69e217e3573891776424931\">Zoznam fakt\u00far od 2013.07.01-2013-12-31<\/a>\n            <\/div>\n        <\/div>\n    <\/div>\n<\/div>\n\n<\/div><div class='col-lg-4 col-md-6 col-12'><!-- WPDM Link Template: Default Template -->\n\n<div class=\"link-template-default card mb-2\">\n    <div class=\"card-body\">\n        <div class=\"media\">\n            <div class=\"mr-3 img-48\"><img class=\"wpdm_icon\" alt=\"Ikon\"   src=\"https:\/\/poradnads.sk\/wp-content\/plugins\/download-manager\/assets\/file-type-icons\/pdf.png\" \/><\/div>\n            <div class=\"media-body\">\n                <h3 class=\"package-title\"><a href='https:\/\/poradnads.sk\/hu\/download\/zoznam-faktur-1-1-2011-31-12-2013-2\/'>Zoznam fakt\u00far od 2013.1.1.-2013.31.12.<\/a><\/h3>\n                <div class=\"text-muted text-small\"><i class=\"fas fa-copy\"><\/i> 1 f\u00e1jl(ok) <i class=\"fas fa-hdd ml-3\"><\/i> 1.13 MB<\/div>\n            <\/div>\n            <div class=\"ml-3\">\n                <a class='wpdm-download-link download-on-click btn btn-primary ' rel='nofollow' href='#' data-downloadurl=\"https:\/\/poradnads.sk\/hu\/download\/zoznam-faktur-1-1-2011-31-12-2013-2\/?wpdmdl=289&refresh=69e217e3588371776424931\">Zoznam fakt\u00far 1.1.2011-31.12.2013<\/a>\n            <\/div>\n        <\/div>\n    <\/div>\n<\/div>\n\n<\/div><\/div>            <div style='clear:both'><\/div><div class='text-center'><ul class='pagination wpdm-pagination pagination-centered text-center'><\/ul><\/div><div style='clear:both'><\/div>        <\/div>\n\n        <div style='clear:both'><\/div>\n    <\/div>\n<\/div>\n\n","protected":false},"excerpt":{"rendered":"Rendez\u00e9s: K\u00f6zz\u00e9t\u00e9tel d\u00e1tuma C\u00edm Felt\u00f6lt\u00e9s d\u00e1tuma Let\u00f6lt\u00e9sek N\u00e9zetek Sorrend: Cs\u00f6kken\u0151 N\u00f6vekv\u0151 Sz\u0171r\u0151 Alkalmaz\u00e1sa Zoznam fakt\u00far od 2013.01.01-2013-06-30 1 f\u00e1jl(ok) 812.09 KB Zoznam fakt\u00far od 2013.01.01-2013-06-30 Zoznam<span class=\"excerpt-hellip\"> [\u2026]<\/span>","protected":false},"author":1,"featured_media":0,"parent":0,"menu_order":0,"comment_status":"open","ping_status":"open","template":"","meta":[],"_links":{"self":[{"href":"https:\/\/poradnads.sk\/hu\/wp-json\/wp\/v2\/pages\/221"}],"collection":[{"href":"https:\/\/poradnads.sk\/hu\/wp-json\/wp\/v2\/pages"}],"about":[{"href":"https:\/\/poradnads.sk\/hu\/wp-json\/wp\/v2\/types\/page"}],"author":[{"embeddable":true,"href":"https:\/\/poradnads.sk\/hu\/wp-json\/wp\/v2\/users\/1"}],"replies":[{"embeddable":true,"href":"https:\/\/poradnads.sk\/hu\/wp-json\/wp\/v2\/comments?post=221"}],"version-history":[{"count":0,"href":"https:\/\/poradnads.sk\/hu\/wp-json\/wp\/v2\/pages\/221\/revisions"}],"wp:attachment":[{"href":"https:\/\/poradnads.sk\/hu\/wp-json\/wp\/v2\/media?parent=221"}],"curies":[{"name":"wp","href":"https:\/\/api.w.org\/{rel}","templated":true}]}}