{"id":180,"date":"2014-09-04T20:23:06","date_gmt":"2014-09-04T18:23:06","guid":{"rendered":"http:\/\/poradnads.sk\/?page_id=180"},"modified":"2019-02-03T20:32:50","modified_gmt":"2019-02-03T18:32:50","slug":"kozpontunk-tortenete","status":"publish","type":"page","link":"https:\/\/poradnads.sk\/hu\/kozpontunk-tortenete\/","title":{"rendered":"K\u00f6zpontunk t\u00f6rt\u00e9nete"},"content":{"rendered":"<p style=\"color: #000000; text-align: justify;\"><span style=\"color: #000000;\">Tan\u00e1csad\u00f3nk 1980 janu\u00e1rj\u00e1ban kezdte meg m\u0171k\u00f6d\u00e9s\u00e9t pszichol\u00f3giai \u00e9s gy\u00f3gypedag\u00f3giai\u00a0 szakszolg\u00e1ltat\u00e1s \u00a0form\u00e1j\u00e1ban \u00f3vod\u00e1s \u00e9s iskol\u00e1s kor\u00fa gyerekek \u00e9s sz\u00fcleik r\u00e9sz\u00e9re.<\/span><\/p>\n<p style=\"color: #000000; text-align: justify;\"><span style=\"color: #000000;\">Az int\u00e9zm\u00e9ny els\u0151 \u00e9s nagyban meghat\u00e1roz\u00f3 egy\u00e9nis\u00e9g\u0171 igazgat\u00f3ja PhDr. N\u00e9meth Margit volt.T\u00f6bb \u00e9ven kereszt\u00fcl seg\u00edt\u0151 munkat\u00e1rsakk\u00e9nt dolgoztak a\u00a0Tan\u00e1csad\u00f3ban PhDr. V\u00fdboch Katalin, Mgr. Zak\u00e1l Magda, Mgr. Dlh\u00e1 Darina, PaedDr. J\u00e1n Sihelsk\u00fd, Balogh Katalin, Mgr. Belkovics Judit, Mgr. Zsigrai Szilvia, Mgr. K\u00e1llayov\u00e1 Jolana, Mgr. Bert\u00f3k Be\u00e1ta, PaedDr. Kinga Horv\u00e1th \u00e9s m\u00e1sok.<\/span><\/p>\n<p style=\"color: #000000; text-align: justify;\"><strong><span style=\"color: #000000;\">Ez\u00faton is k\u00f6sz\u00f6nj\u00fck odaad\u00f3, \u00e1ldozatk\u00e9sz \u00e9s magas szint\u0171 szakmai munk\u00e1jukat.<\/span><\/strong><\/p>\n","protected":false},"excerpt":{"rendered":"<p>Tan\u00e1csad\u00f3nk 1980 janu\u00e1rj\u00e1ban kezdte meg m\u0171k\u00f6d\u00e9s\u00e9t pszichol\u00f3giai \u00e9s gy\u00f3gypedag\u00f3giai\u00a0 szakszolg\u00e1ltat\u00e1s \u00a0form\u00e1j\u00e1ban \u00f3vod\u00e1s \u00e9s iskol\u00e1s kor\u00fa gyerekek \u00e9s sz\u00fcleik r\u00e9sz\u00e9re. Az int\u00e9zm\u00e9ny els\u0151 \u00e9s nagyban meghat\u00e1roz\u00f3 egy\u00e9nis\u00e9g\u0171<span class=\"excerpt-hellip\"> [\u2026]<\/span><\/p>\n","protected":false},"author":1,"featured_media":0,"parent":0,"menu_order":0,"comment_status":"closed","ping_status":"closed","template":"","meta":[],"_links":{"self":[{"href":"https:\/\/poradnads.sk\/hu\/wp-json\/wp\/v2\/pages\/180"}],"collection":[{"href":"https:\/\/poradnads.sk\/hu\/wp-json\/wp\/v2\/pages"}],"about":[{"href":"https:\/\/poradnads.sk\/hu\/wp-json\/wp\/v2\/types\/page"}],"author":[{"embeddable":true,"href":"https:\/\/poradnads.sk\/hu\/wp-json\/wp\/v2\/users\/1"}],"replies":[{"embeddable":true,"href":"https:\/\/poradnads.sk\/hu\/wp-json\/wp\/v2\/comments?post=180"}],"version-history":[{"count":0,"href":"https:\/\/poradnads.sk\/hu\/wp-json\/wp\/v2\/pages\/180\/revisions"}],"wp:attachment":[{"href":"https:\/\/poradnads.sk\/hu\/wp-json\/wp\/v2\/media?parent=180"}],"curies":[{"name":"wp","href":"https:\/\/api.w.org\/{rel}","templated":true}]}}