{"id":167,"date":"2014-09-04T20:12:24","date_gmt":"2014-09-04T18:12:24","guid":{"rendered":"http:\/\/poradnads.sk\/?page_id=167"},"modified":"2014-09-04T20:20:58","modified_gmt":"2014-09-04T18:20:58","slug":"rolunk","status":"publish","type":"page","link":"https:\/\/poradnads.sk\/hu\/rolunk\/","title":{"rendered":"R\u00f3lunk"},"content":{"rendered":"<p style=\"text-align: justify;\"><span style=\"color: #000000;\">A Dunszerdahelyi Pedag\u00f3giai Pszichol\u00f3giai Tan\u00e1csad\u00f3 \u00e9s Prevenci\u00f3s K\u00f6zpont olyan j\u00e1r\u00e1si hat\u00e1sk\u00f6r\u0171 \u00e1llami tan\u00e1csad\u00f3 int\u00e9zm\u00e9ny, amely seg\u00edts\u00e9get ny\u00fajt a gyermekekkel, tanul\u00f3kkal \u00e9s fiatalokkal kapcsolatos probl\u00e9m\u00e1k megold\u00e1s\u00e1ban sz\u00fclet\u00e9st\u0151l a p\u00e1lyakezd\u00e9sig.<\/span><\/p>\n<h2 style=\"text-align: justify;\"><\/h2>\n<h2 style=\"text-align: justify;\"><span style=\"color: #000000;\">Kinek ny\u00fajtunk szolg\u00e1ltat\u00e1st?<\/span><\/h2>\n<ul style=\"text-align: justify;\">\n<li><span style=\"color: #000000;\">Gyermekeknek \u00e9s fiataloknak \u00f3vod\u00e1s kort\u00f3l a feln\u0151tt korig<\/span><\/li>\n<li><span style=\"color: #000000;\">A gyermekek \u00e9s fiatalok sz\u00fcleinek, t\u00f6rv\u00e9nyes k\u00e9pvisel\u0151inek<\/span><\/li>\n<li><span style=\"color: #000000;\">Pedag\u00f3gusoknak \u00e9s m\u00e1s, a nevel\u00e9sben \u00e9rdekelt szem\u00e9lyeknek<\/span><\/li>\n<\/ul>\n<p>&nbsp;<\/p>\n<h2 style=\"text-align: justify;\"><span style=\"color: #000000;\">Mikor keressenek benn\u00fcnket?<\/span><\/h2>\n<ul style=\"text-align: justify;\">\n<li><span style=\"color: #000000;\">A gyermekek fejl\u0151d\u00e9s\u00e9ben, viselked\u00e9s\u00e9ben, tanul\u00e1s\u00e1ban jelentkez\u0151 rendelleness\u00e9gek, probl\u00e9m\u00e1k eset\u00e9n<\/span><\/li>\n<li><span style=\"color: #000000;\">Csal\u00e1di probl\u00e9m\u00e1k eset\u00e9n<\/span><\/li>\n<li><span style=\"color: #000000;\">A gyermekek k\u00fcl\u00f6nleges adotts\u00e1g\u00e1nak, tehets\u00e9g\u00e9nek meg\u00edt\u00e9l\u00e9se illetve annak megfelel\u0151 fejleszt\u00e9se miatt<\/span><\/li>\n<li><span style=\"color: #000000;\">P\u00e1lyav\u00e1laszt\u00e1si tan\u00e1csad\u00e1s\u00e9rt<\/span><\/li>\n<\/ul>\n<p>&nbsp;<\/p>\n<h2 style=\"text-align: justify;\"><span style=\"color: #000000;\">Mit k\u00edn\u00e1lunk?<\/span><\/h2>\n<ul>\n<li style=\"text-align: justify;\"><span style=\"color: #000000;\">Komplex diagnosztikus, tan\u00e1csad\u00f3 \u00e9s ter\u00e1pi\u00e1s szolg\u00e1ltat\u00e1sokat (pszichol\u00f3giai \u00e9s gy\u00f3gypedag\u00f3giai)<\/span><\/li>\n<li style=\"text-align: justify;\"><span style=\"color: #000000;\">Sz\u00fcl\u0151i \u00e9s oktat\u00e1si-nevel\u00e9si tan\u00e1csad\u00e1s<\/span><\/li>\n<li style=\"text-align: justify;\"><span style=\"color: #000000;\">P\u00e1lyav\u00e1laszt\u00e1si tan\u00e1csad\u00e1s<\/span><\/li>\n<li style=\"text-align: justify;\"><span style=\"color: #000000;\">Fejleszt\u0151- \u00e9s sztimul\u00e1ci\u00f3s programok \u00f3vod\u00e1k, iskol\u00e1k, egy\u00e9nek sz\u00e1m\u00e1ra<\/span><\/li>\n<li style=\"text-align: justify;\"><span style=\"color: #000000;\">Seg\u00edts\u00e9g kr\u00edzishelyzetben<\/span><\/li>\n<li><span style=\"color: #000000;\">Megel\u0151z\u0151, felvil\u00e1gos\u00edt\u00f3 munka viselked\u00e9si probl\u00e9m\u00e1k, drog- \u00e9s egy\u00e9b f\u00fcgg\u0151s\u00e9g eset\u00e9n<\/span><\/li>\n<\/ul>\n","protected":false},"excerpt":{"rendered":"<p>A Dunszerdahelyi Pedag\u00f3giai Pszichol\u00f3giai Tan\u00e1csad\u00f3 \u00e9s Prevenci\u00f3s K\u00f6zpont olyan j\u00e1r\u00e1si hat\u00e1sk\u00f6r\u0171 \u00e1llami tan\u00e1csad\u00f3 int\u00e9zm\u00e9ny, amely seg\u00edts\u00e9get ny\u00fajt a gyermekekkel, tanul\u00f3kkal \u00e9s fiatalokkal kapcsolatos probl\u00e9m\u00e1k megold\u00e1s\u00e1ban sz\u00fclet\u00e9st\u0151l<span class=\"excerpt-hellip\"> [\u2026]<\/span><\/p>\n","protected":false},"author":1,"featured_media":0,"parent":0,"menu_order":0,"comment_status":"open","ping_status":"open","template":"","meta":[],"_links":{"self":[{"href":"https:\/\/poradnads.sk\/hu\/wp-json\/wp\/v2\/pages\/167"}],"collection":[{"href":"https:\/\/poradnads.sk\/hu\/wp-json\/wp\/v2\/pages"}],"about":[{"href":"https:\/\/poradnads.sk\/hu\/wp-json\/wp\/v2\/types\/page"}],"author":[{"embeddable":true,"href":"https:\/\/poradnads.sk\/hu\/wp-json\/wp\/v2\/users\/1"}],"replies":[{"embeddable":true,"href":"https:\/\/poradnads.sk\/hu\/wp-json\/wp\/v2\/comments?post=167"}],"version-history":[{"count":0,"href":"https:\/\/poradnads.sk\/hu\/wp-json\/wp\/v2\/pages\/167\/revisions"}],"wp:attachment":[{"href":"https:\/\/poradnads.sk\/hu\/wp-json\/wp\/v2\/media?parent=167"}],"curies":[{"name":"wp","href":"https:\/\/api.w.org\/{rel}","templated":true}]}}