{"id":161,"date":"2014-09-04T19:05:53","date_gmt":"2014-09-04T17:05:53","guid":{"rendered":"http:\/\/poradnads.sk\/?page_id=161"},"modified":"2023-06-13T21:50:26","modified_gmt":"2023-06-13T19:50:26","slug":"udvozoljuk-a-dunaszerdahelyi-pedagogiai-pszichologiai-tanacsado-es-prevencios-kozpont-honlapjan","status":"publish","type":"page","link":"https:\/\/poradnads.sk\/hu\/","title":{"rendered":"\u00dcdv\u00f6z\u00f6lj\u00fck a Dunaszerdahelyi Pedag\u00f3giai-Pszichol\u00f3giai Tan\u00e1csad\u00f3 \u00e9s Prevenci\u00f3s K\u00f6zpont honlapj\u00e1n!"},"content":{"rendered":"<section class=\"wpb-content-wrapper\"><p>[vc_row full_width=&#8221;stretch_row_content_no_spaces&#8221;][vc_column]\n\t\t\t<!-- START layoutdefault REVOLUTION SLIDER 6.6.12 --><p class=\"rs-p-wp-fix\"><\/p>\n\t\t\t<rs-module-wrap id=\"rev_slider_2_1_wrapper\" data-source=\"gallery\" data-aimg=\"\"  style=\"visibility:hidden;background:#E9E9E9;padding:0;margin:0px auto;margin-top:0;margin-bottom:0;\">\n\t\t\t\t<rs-module id=\"rev_slider_2_1\" style=\"\" data-version=\"6.6.12\">\n\t\t\t\t\t<rs-slides style=\"overflow: hidden; position: absolute;\">\n\t\t\t\t\t\t<rs-slide style=\"position: absolute;\" data-key=\"rs-4\" data-title=\"Slide\" data-anim=\"o:outin;\" data-in=\"prst:rndany;o:0;sx:0.85;sy:0.85;\" data-out=\"y:-100%;\">\n\t\t\t\t\t\t\t<img src=\"\/\/poradnads.sk\/wp-content\/plugins\/revslider\/public\/assets\/assets\/dummy.png\" alt=\"\" title=\"\u00dcdv\u00f6z\u00f6lj\u00fck a Dunaszerdahelyi Pedag\u00f3giai-Pszichol\u00f3giai Tan\u00e1csad\u00f3 \u00e9s Prevenci\u00f3s K\u00f6zpont honlapj\u00e1n!\" class=\"rev-slidebg tp-rs-img rs-lazyload\" data-lazyload=\"\/\/poradnads.sk\/wp-content\/uploads\/2014\/09\/intro001.jpg\" data-bg=\"p:center top;\" data-no-retina>\n<!--\n\t\t\t\t\t\t\t--><rs-layer\n\t\t\t\t\t\t\t\tid=\"slider-2-slide-4-layer-1\" \n\t\t\t\t\t\t\t\tclass=\"regular_title\"\n\t\t\t\t\t\t\t\tdata-type=\"text\"\n\t\t\t\t\t\t\t\tdata-color=\"#ffffff\"\n\t\t\t\t\t\t\t\tdata-rsp_ch=\"on\"\n\t\t\t\t\t\t\t\tdata-xy=\"x:402px;y:103px;\"\n\t\t\t\t\t\t\t\tdata-text=\"a:inherit;\"\n\t\t\t\t\t\t\t\tdata-frame_0=\"x:left;o:1;tp:600;\"\n\t\t\t\t\t\t\t\tdata-frame_1=\"tp:600;e:easeOutBack;st:350;sp:700;sR:350;\"\n\t\t\t\t\t\t\t\tdata-frame_999=\"st:w;sR:7950;auto:true;\"\n\t\t\t\t\t\t\t\tstyle=\"z-index:8;font-family:'Open Sans';width:320px !important;\"\n\t\t\t\t\t\t\t>Pre koho sme? \n\t\t\t\t\t\t\t<\/rs-layer><!--\n\n\t\t\t\t\t\t\t--><rs-layer\n\t\t\t\t\t\t\t\tid=\"slider-2-slide-4-layer-2\" \n\t\t\t\t\t\t\t\tclass=\"regular_subtitle\"\n\t\t\t\t\t\t\t\tdata-type=\"text\"\n\t\t\t\t\t\t\t\tdata-color=\"#ffffff\"\n\t\t\t\t\t\t\t\tdata-rsp_ch=\"on\"\n\t\t\t\t\t\t\t\tdata-xy=\"x:443px;y:178px;\"\n\t\t\t\t\t\t\t\tdata-text=\"l:15;fw:300;a:inherit;\"\n\t\t\t\t\t\t\t\tdata-padding=\"t:7;r:15;b:7;l:25;\"\n\t\t\t\t\t\t\t\tdata-frame_0=\"x:right;o:1;tp:600;\"\n\t\t\t\t\t\t\t\tdata-frame_1=\"tp:600;e:easeOutBack;st:650;sp:700;sR:650;\"\n\t\t\t\t\t\t\t\tdata-frame_999=\"st:w;sR:7650;auto:true;\"\n\t\t\t\t\t\t\t\tstyle=\"z-index:9;background-color:#ff3a2d;font-family:'Open Sans';font:18px \"Open Sans\", Arial, sans-serif;background-image:url(\"..\/assets\/arrow.png\");background-repeat:no-repeat;background-position:10px center;width:320px;white-space:normal !important;box-sizing:border-box;-webkit-box-sizing:border-box;-moz-box-sizing:border-box;\"\n\t\t\t\t\t\t\t>Pre deti a ml\u00e1de\u017e  \n\t\t\t\t\t\t\t<\/rs-layer><!--\n\n\t\t\t\t\t\t\t--><rs-layer\n\t\t\t\t\t\t\t\tid=\"slider-2-slide-4-layer-3\" \n\t\t\t\t\t\t\t\tclass=\"regular_subtitle\"\n\t\t\t\t\t\t\t\tdata-type=\"text\"\n\t\t\t\t\t\t\t\tdata-color=\"#ffffff\"\n\t\t\t\t\t\t\t\tdata-rsp_ch=\"on\"\n\t\t\t\t\t\t\t\tdata-xy=\"x:444px;y:223px;\"\n\t\t\t\t\t\t\t\tdata-text=\"l:15;fw:300;a:inherit;\"\n\t\t\t\t\t\t\t\tdata-padding=\"t:7;r:15;b:7;l:25;\"\n\t\t\t\t\t\t\t\tdata-frame_0=\"x:right;o:1;tp:600;\"\n\t\t\t\t\t\t\t\tdata-frame_1=\"tp:600;e:easeOutBack;st:1000;sp:700;sR:1000;\"\n\t\t\t\t\t\t\t\tdata-frame_999=\"st:8950;sR:7250;auto:true;\"\n\t\t\t\t\t\t\t\tstyle=\"z-index:10;background-color:#ff3a2d;font-family:'Open Sans';font:18px \"Open Sans\", Arial, sans-serif;background-image:url(\"..\/assets\/arrow.png\");background-repeat:no-repeat;background-position:10px center;width:320px;white-space:normal !important;box-sizing:border-box;-webkit-box-sizing:border-box;-moz-box-sizing:border-box;\"\n\t\t\t\t\t\t\t>Pre rodi\u010dov \n\t\t\t\t\t\t\t<\/rs-layer><!--\n\n\t\t\t\t\t\t\t--><rs-layer\n\t\t\t\t\t\t\t\tid=\"slider-2-slide-4-layer-4\" \n\t\t\t\t\t\t\t\tclass=\"regular_subtitle\"\n\t\t\t\t\t\t\t\tdata-type=\"text\"\n\t\t\t\t\t\t\t\tdata-color=\"#ffffff\"\n\t\t\t\t\t\t\t\tdata-rsp_ch=\"on\"\n\t\t\t\t\t\t\t\tdata-xy=\"x:446px;y:268px;\"\n\t\t\t\t\t\t\t\tdata-text=\"l:15;fw:300;a:inherit;\"\n\t\t\t\t\t\t\t\tdata-padding=\"t:7;r:15;b:7;l:25;\"\n\t\t\t\t\t\t\t\tdata-frame_0=\"x:right;o:1;tp:600;\"\n\t\t\t\t\t\t\t\tdata-frame_1=\"tp:600;e:easeOutBack;st:1400;sp:700;sR:1400;\"\n\t\t\t\t\t\t\t\tdata-frame_999=\"st:w;sR:6900;auto:true;\"\n\t\t\t\t\t\t\t\tstyle=\"z-index:11;background-color:#ff3a2d;font-family:'Open Sans';font:18px \"Open Sans\", Arial, sans-serif;background-image:url(\"..\/assets\/arrow.png\");background-repeat:no-repeat;background-position:10px center;width:320px;white-space:normal !important;box-sizing:border-box;-webkit-box-sizing:border-box;-moz-box-sizing:border-box;\"\n\t\t\t\t\t\t\t>Pre pedag\u00f3gov \n\t\t\t\t\t\t\t<\/rs-layer><!--\n\n\t\t\t\t\t\t\t--><rs-layer\n\t\t\t\t\t\t\t\tid=\"slider-2-slide-4-layer-5\" \n\t\t\t\t\t\t\t\tclass=\"regular_title\"\n\t\t\t\t\t\t\t\tdata-type=\"text\"\n\t\t\t\t\t\t\t\tdata-color=\"#ffffff\"\n\t\t\t\t\t\t\t\tdata-rsp_ch=\"on\"\n\t\t\t\t\t\t\t\tdata-xy=\"x:397px;y:101px;\"\n\t\t\t\t\t\t\t\tdata-text=\"a:inherit;\"\n\t\t\t\t\t\t\t\tdata-frame_0=\"tp:600;\"\n\t\t\t\t\t\t\t\tdata-frame_1=\"tp:600;e:easeOutBack;st:2950;sR:2950;\"\n\t\t\t\t\t\t\t\tdata-frame_999=\"st:w;sR:5750;auto:true;\"\n\t\t\t\t\t\t\t\tstyle=\"z-index:12;font-family:'Open Sans';width:320px !important;\"\n\t\t\t\t\t\t\t>Kinek seg\u00edt\u00fcnk? \n\t\t\t\t\t\t\t<\/rs-layer><!--\n\n\t\t\t\t\t\t\t--><rs-layer\n\t\t\t\t\t\t\t\tid=\"slider-2-slide-4-layer-6\" \n\t\t\t\t\t\t\t\tclass=\"regular_subtitle\"\n\t\t\t\t\t\t\t\tdata-type=\"text\"\n\t\t\t\t\t\t\t\tdata-color=\"#ffffff\"\n\t\t\t\t\t\t\t\tdata-rsp_ch=\"on\"\n\t\t\t\t\t\t\t\tdata-xy=\"x:444px;y:179px;\"\n\t\t\t\t\t\t\t\tdata-text=\"l:15;fw:300;a:inherit;\"\n\t\t\t\t\t\t\t\tdata-padding=\"t:7;r:15;b:7;l:25;\"\n\t\t\t\t\t\t\t\tdata-frame_0=\"tp:600;\"\n\t\t\t\t\t\t\t\tdata-frame_1=\"tp:600;e:easeOutBack;st:3350;sR:3350;\"\n\t\t\t\t\t\t\t\tdata-frame_999=\"st:w;sR:5350;auto:true;\"\n\t\t\t\t\t\t\t\tstyle=\"z-index:13;background-color:#ff3a2d;font-family:'Open Sans';font:18px \"Open Sans\", Arial, sans-serif;background-image:url(\"..\/assets\/arrow.png\");background-repeat:no-repeat;background-position:10px center;width:320px;white-space:normal !important;box-sizing:border-box;-webkit-box-sizing:border-box;-moz-box-sizing:border-box;\"\n\t\t\t\t\t\t\t>A gyermekeknek \n\t\t\t\t\t\t\t<\/rs-layer><!--\n\n\t\t\t\t\t\t\t--><rs-layer\n\t\t\t\t\t\t\t\tid=\"slider-2-slide-4-layer-7\" \n\t\t\t\t\t\t\t\tclass=\"regular_subtitle\"\n\t\t\t\t\t\t\t\tdata-type=\"text\"\n\t\t\t\t\t\t\t\tdata-color=\"#ffffff\"\n\t\t\t\t\t\t\t\tdata-rsp_ch=\"on\"\n\t\t\t\t\t\t\t\tdata-xy=\"x:445px;y:222px;\"\n\t\t\t\t\t\t\t\tdata-text=\"l:15;fw:300;a:inherit;\"\n\t\t\t\t\t\t\t\tdata-padding=\"t:7;r:15;b:7;l:25;\"\n\t\t\t\t\t\t\t\tdata-frame_0=\"tp:600;\"\n\t\t\t\t\t\t\t\tdata-frame_1=\"tp:600;e:easeOutBack;st:3700;sR:3700;\"\n\t\t\t\t\t\t\t\tdata-frame_999=\"st:w;sR:5000;auto:true;\"\n\t\t\t\t\t\t\t\tstyle=\"z-index:14;background-color:#ff3a2d;font-family:'Open Sans';font:18px \"Open Sans\", Arial, sans-serif;background-image:url(\"..\/assets\/arrow.png\");background-repeat:no-repeat;background-position:10px center;width:320px;white-space:normal !important;box-sizing:border-box;-webkit-box-sizing:border-box;-moz-box-sizing:border-box;\"\n\t\t\t\t\t\t\t>A sz\u00fcl\u0151knek \n\t\t\t\t\t\t\t<\/rs-layer><!--\n\n\t\t\t\t\t\t\t--><rs-layer\n\t\t\t\t\t\t\t\tid=\"slider-2-slide-4-layer-8\" \n\t\t\t\t\t\t\t\tclass=\"regular_subtitle\"\n\t\t\t\t\t\t\t\tdata-type=\"text\"\n\t\t\t\t\t\t\t\tdata-color=\"#ffffff\"\n\t\t\t\t\t\t\t\tdata-rsp_ch=\"on\"\n\t\t\t\t\t\t\t\tdata-xy=\"x:447px;y:267px;\"\n\t\t\t\t\t\t\t\tdata-text=\"l:15;fw:300;a:inherit;\"\n\t\t\t\t\t\t\t\tdata-padding=\"t:7;r:15;b:7;l:25;\"\n\t\t\t\t\t\t\t\tdata-frame_0=\"tp:600;\"\n\t\t\t\t\t\t\t\tdata-frame_1=\"tp:600;e:easeOutBack;st:4100;sR:4100;\"\n\t\t\t\t\t\t\t\tdata-frame_999=\"st:w;sR:4600;auto:true;\"\n\t\t\t\t\t\t\t\tstyle=\"z-index:15;background-color:#ff3a2d;font-family:'Open Sans';font:18px \"Open Sans\", Arial, sans-serif;background-image:url(\"..\/assets\/arrow.png\");background-repeat:no-repeat;background-position:10px center;width:320px;white-space:normal !important;box-sizing:border-box;-webkit-box-sizing:border-box;-moz-box-sizing:border-box;\"\n\t\t\t\t\t\t\t>A pedag\u00f3gusoknak \n\t\t\t\t\t\t\t<\/rs-layer><!--\n-->\t\t\t\t\t\t<\/rs-slide>\n\t\t\t\t\t\t<rs-slide style=\"position: absolute;\" data-key=\"rs-5\" data-title=\"Slide\" data-filter=\"e:late;h:200;\" data-in=\"prst:rndany;o:0;e:power1.in;\">\n\t\t\t\t\t\t\t<img src=\"\/\/poradnads.sk\/wp-content\/plugins\/revslider\/public\/assets\/assets\/dummy.png\" alt=\"\" title=\"\u00dcdv\u00f6z\u00f6lj\u00fck a Dunaszerdahelyi Pedag\u00f3giai-Pszichol\u00f3giai Tan\u00e1csad\u00f3 \u00e9s Prevenci\u00f3s K\u00f6zpont honlapj\u00e1n!\" class=\"rev-slidebg tp-rs-img rs-lazyload\" data-lazyload=\"\/\/poradnads.sk\/wp-content\/uploads\/2014\/09\/intro002.jpg\" data-bg=\"p:center top;\" data-no-retina>\n<!--\n\t\t\t\t\t\t\t--><rs-layer\n\t\t\t\t\t\t\t\tid=\"slider-2-slide-5-layer-1\" \n\t\t\t\t\t\t\t\tclass=\"regular_title2\"\n\t\t\t\t\t\t\t\tdata-type=\"text\"\n\t\t\t\t\t\t\t\tdata-color=\"#ffffff\"\n\t\t\t\t\t\t\t\tdata-rsp_ch=\"on\"\n\t\t\t\t\t\t\t\tdata-xy=\"x:426px;y:78px;\"\n\t\t\t\t\t\t\t\tdata-text=\"a:inherit;\"\n\t\t\t\t\t\t\t\tdata-frame_0=\"x:left;o:1;tp:600;\"\n\t\t\t\t\t\t\t\tdata-frame_1=\"tp:600;e:easeOutBack;st:250;sp:700;sR:250;\"\n\t\t\t\t\t\t\t\tdata-frame_999=\"st:w;sR:8050;auto:true;\"\n\t\t\t\t\t\t\t\tstyle=\"z-index:5;font-family:'Open Sans';width:190px;\"\n\t\t\t\t\t\t\t>Pon\u00fakame: \n\t\t\t\t\t\t\t<\/rs-layer><!--\n\n\t\t\t\t\t\t\t--><rs-layer\n\t\t\t\t\t\t\t\tid=\"slider-2-slide-5-layer-2\" \n\t\t\t\t\t\t\t\tclass=\"regular_subtitle\"\n\t\t\t\t\t\t\t\tdata-type=\"text\"\n\t\t\t\t\t\t\t\tdata-color=\"#ffffff\"\n\t\t\t\t\t\t\t\tdata-rsp_ch=\"on\"\n\t\t\t\t\t\t\t\tdata-xy=\"x:469px;y:151px;\"\n\t\t\t\t\t\t\t\tdata-text=\"l:15;fw:300;a:inherit;\"\n\t\t\t\t\t\t\t\tdata-padding=\"t:7;r:15;b:7;l:25;\"\n\t\t\t\t\t\t\t\tdata-frame_0=\"x:right;o:1;tp:600;\"\n\t\t\t\t\t\t\t\tdata-frame_1=\"tp:600;e:easeOutBack;st:750;sp:700;sR:750;\"\n\t\t\t\t\t\t\t\tdata-frame_999=\"st:w;sR:7550;auto:true;\"\n\t\t\t\t\t\t\t\tstyle=\"z-index:6;background-color:#ff3a2d;font-family:'Open Sans';font:18px \"Open Sans\", Arial, sans-serif;background-image:url(\"..\/assets\/arrow.png\");background-repeat:no-repeat;background-position:10px center;width:320px;white-space:normal !important;box-sizing:border-box;-webkit-box-sizing:border-box;-moz-box-sizing:border-box;\"\n\t\t\t\t\t\t\t>Pomoc \n\t\t\t\t\t\t\t<\/rs-layer><!--\n\n\t\t\t\t\t\t\t--><rs-layer\n\t\t\t\t\t\t\t\tid=\"slider-2-slide-5-layer-3\" \n\t\t\t\t\t\t\t\tclass=\"regular_subtitle\"\n\t\t\t\t\t\t\t\tdata-type=\"text\"\n\t\t\t\t\t\t\t\tdata-color=\"#ffffff\"\n\t\t\t\t\t\t\t\tdata-rsp_ch=\"on\"\n\t\t\t\t\t\t\t\tdata-xy=\"x:471px;y:202px;\"\n\t\t\t\t\t\t\t\tdata-text=\"l:15;fw:300;a:inherit;\"\n\t\t\t\t\t\t\t\tdata-padding=\"t:7;r:15;b:7;l:25;\"\n\t\t\t\t\t\t\t\tdata-frame_0=\"x:left;o:1;tp:600;\"\n\t\t\t\t\t\t\t\tdata-frame_1=\"tp:600;e:easeOutBack;st:1000;sp:700;sR:1000;\"\n\t\t\t\t\t\t\t\tdata-frame_999=\"st:w;sR:7300;auto:true;\"\n\t\t\t\t\t\t\t\tstyle=\"z-index:7;background-color:#ff3a2d;font-family:'Open Sans';font:18px \"Open Sans\", Arial, sans-serif;background-image:url(\"..\/assets\/arrow.png\");background-repeat:no-repeat;background-position:10px center;width:320px;white-space:normal !important;box-sizing:border-box;-webkit-box-sizing:border-box;-moz-box-sizing:border-box;\"\n\t\t\t\t\t\t\t>Poradenstvo \n\t\t\t\t\t\t\t<\/rs-layer><!--\n\n\t\t\t\t\t\t\t--><rs-layer\n\t\t\t\t\t\t\t\tid=\"slider-2-slide-5-layer-4\" \n\t\t\t\t\t\t\t\tclass=\"regular_subtitle\"\n\t\t\t\t\t\t\t\tdata-type=\"text\"\n\t\t\t\t\t\t\t\tdata-color=\"#ffffff\"\n\t\t\t\t\t\t\t\tdata-rsp_ch=\"on\"\n\t\t\t\t\t\t\t\tdata-xy=\"x:473px;y:249px;\"\n\t\t\t\t\t\t\t\tdata-text=\"l:15;fw:300;a:inherit;\"\n\t\t\t\t\t\t\t\tdata-padding=\"t:7;r:15;b:7;l:25;\"\n\t\t\t\t\t\t\t\tdata-frame_0=\"x:left;o:1;tp:600;\"\n\t\t\t\t\t\t\t\tdata-frame_1=\"tp:600;e:easeOutBack;st:1500;sp:700;sR:1500;\"\n\t\t\t\t\t\t\t\tdata-frame_999=\"st:w;sR:6800;auto:true;\"\n\t\t\t\t\t\t\t\tstyle=\"z-index:8;background-color:#ff3a2d;font-family:'Open Sans';font:18px \"Open Sans\", Arial, sans-serif;background-image:url(\"..\/assets\/arrow.png\");background-repeat:no-repeat;background-position:10px center;width:320px;white-space:normal !important;box-sizing:border-box;-webkit-box-sizing:border-box;-moz-box-sizing:border-box;\"\n\t\t\t\t\t\t\t>Rie\u0161enie probl\u00e9mov \n\t\t\t\t\t\t\t<\/rs-layer><!--\n\n\t\t\t\t\t\t\t--><rs-layer\n\t\t\t\t\t\t\t\tid=\"slider-2-slide-5-layer-5\" \n\t\t\t\t\t\t\t\tclass=\"regular_title\"\n\t\t\t\t\t\t\t\tdata-type=\"text\"\n\t\t\t\t\t\t\t\tdata-color=\"#ffffff\"\n\t\t\t\t\t\t\t\tdata-rsp_ch=\"on\"\n\t\t\t\t\t\t\t\tdata-xy=\"x:428px;y:78px;\"\n\t\t\t\t\t\t\t\tdata-text=\"a:inherit;\"\n\t\t\t\t\t\t\t\tdata-frame_0=\"tp:600;\"\n\t\t\t\t\t\t\t\tdata-frame_1=\"tp:600;e:easeOutBack;st:2750;sR:2750;\"\n\t\t\t\t\t\t\t\tdata-frame_999=\"st:w;sR:5950;auto:true;\"\n\t\t\t\t\t\t\t\tstyle=\"z-index:9;font-family:'Open Sans';width:320px !important;\"\n\t\t\t\t\t\t\t>Mit k\u00edn\u00e1lunk? \n\t\t\t\t\t\t\t<\/rs-layer><!--\n\n\t\t\t\t\t\t\t--><rs-layer\n\t\t\t\t\t\t\t\tid=\"slider-2-slide-5-layer-6\" \n\t\t\t\t\t\t\t\tclass=\"regular_subtitle\"\n\t\t\t\t\t\t\t\tdata-type=\"text\"\n\t\t\t\t\t\t\t\tdata-color=\"#ffffff\"\n\t\t\t\t\t\t\t\tdata-rsp_ch=\"on\"\n\t\t\t\t\t\t\t\tdata-xy=\"x:469px;y:151px;\"\n\t\t\t\t\t\t\t\tdata-text=\"l:15;fw:300;a:inherit;\"\n\t\t\t\t\t\t\t\tdata-padding=\"t:7;r:15;b:7;l:25;\"\n\t\t\t\t\t\t\t\tdata-frame_0=\"tp:600;\"\n\t\t\t\t\t\t\t\tdata-frame_1=\"tp:600;e:easeOutBack;st:3200;sR:3200;\"\n\t\t\t\t\t\t\t\tdata-frame_999=\"st:w;sR:5500;auto:true;\"\n\t\t\t\t\t\t\t\tstyle=\"z-index:10;background-color:#ff3a2d;font-family:'Open Sans';font:18px \"Open Sans\", Arial, sans-serif;background-image:url(\"..\/assets\/arrow.png\");background-repeat:no-repeat;background-position:10px center;width:320px;white-space:normal !important;box-sizing:border-box;-webkit-box-sizing:border-box;-moz-box-sizing:border-box;\"\n\t\t\t\t\t\t\t>Seg\u00edts\u00e9get a kr\u00edzishelyzetben \n\t\t\t\t\t\t\t<\/rs-layer><!--\n\n\t\t\t\t\t\t\t--><rs-layer\n\t\t\t\t\t\t\t\tid=\"slider-2-slide-5-layer-7\" \n\t\t\t\t\t\t\t\tclass=\"regular_subtitle\"\n\t\t\t\t\t\t\t\tdata-type=\"text\"\n\t\t\t\t\t\t\t\tdata-color=\"#ffffff\"\n\t\t\t\t\t\t\t\tdata-rsp_ch=\"on\"\n\t\t\t\t\t\t\t\tdata-xy=\"x:470px;y:202px;\"\n\t\t\t\t\t\t\t\tdata-text=\"l:15;fw:300;a:inherit;\"\n\t\t\t\t\t\t\t\tdata-padding=\"t:7;r:15;b:7;l:25;\"\n\t\t\t\t\t\t\t\tdata-frame_0=\"tp:600;\"\n\t\t\t\t\t\t\t\tdata-frame_1=\"tp:600;e:easeOutBack;st:3500;sR:3500;\"\n\t\t\t\t\t\t\t\tdata-frame_999=\"st:w;sR:5200;auto:true;\"\n\t\t\t\t\t\t\t\tstyle=\"z-index:11;background-color:#ff3a2d;font-family:'Open Sans';font:18px \"Open Sans\", Arial, sans-serif;background-image:url(\"..\/assets\/arrow.png\");background-repeat:no-repeat;background-position:10px center;width:320px;white-space:normal !important;box-sizing:border-box;-webkit-box-sizing:border-box;-moz-box-sizing:border-box;\"\n\t\t\t\t\t\t\t>P\u00e1lyav\u00e1laszt\u00e1si tan\u00e1csad\u00e1st \n\t\t\t\t\t\t\t<\/rs-layer><!--\n\n\t\t\t\t\t\t\t--><rs-layer\n\t\t\t\t\t\t\t\tid=\"slider-2-slide-5-layer-8\" \n\t\t\t\t\t\t\t\tclass=\"regular_subtitle\"\n\t\t\t\t\t\t\t\tdata-type=\"text\"\n\t\t\t\t\t\t\t\tdata-color=\"#ffffff\"\n\t\t\t\t\t\t\t\tdata-rsp_ch=\"on\"\n\t\t\t\t\t\t\t\tdata-xy=\"x:471px;y:249px;\"\n\t\t\t\t\t\t\t\tdata-text=\"l:15;fw:300;a:inherit;\"\n\t\t\t\t\t\t\t\tdata-padding=\"t:7;r:15;b:7;l:25;\"\n\t\t\t\t\t\t\t\tdata-frame_0=\"tp:600;\"\n\t\t\t\t\t\t\t\tdata-frame_1=\"tp:600;e:easeOutBack;st:3850;sR:3850;\"\n\t\t\t\t\t\t\t\tdata-frame_999=\"st:w;sR:4850;auto:true;\"\n\t\t\t\t\t\t\t\tstyle=\"z-index:12;background-color:#ff3a2d;font-family:'Open Sans';font:18px \"Open Sans\", Arial, sans-serif;background-image:url(\"..\/assets\/arrow.png\");background-repeat:no-repeat;background-position:10px center;width:320px;white-space:normal !important;box-sizing:border-box;-webkit-box-sizing:border-box;-moz-box-sizing:border-box;\"\n\t\t\t\t\t\t\t>Oktat\u00e1si-nevel\u00e9si tan\u00e1csad\u00e1st \n\t\t\t\t\t\t\t<\/rs-layer><!--\n-->\t\t\t\t\t\t<\/rs-slide>\n\t\t\t\t\t<\/rs-slides>\n\t\t\t\t<\/rs-module>\n\t\t\t\t<script>\n\t\t\t\t\tsetREVStartSize({c: 'rev_slider_2_1',rl:[1240,1024,778,480],el:[462],gw:[960],gh:[462],type:'standard',justify:'',layout:'fullwidth',mh:\"0\"});if (window.RS_MODULES!==undefined && window.RS_MODULES.modules!==undefined && window.RS_MODULES.modules[\"revslider21\"]!==undefined) {window.RS_MODULES.modules[\"revslider21\"].once = false;window.revapi2 = undefined;if (window.RS_MODULES.checkMinimal!==undefined) window.RS_MODULES.checkMinimal()}\n\t\t\t\t<\/script>\n\t\t\t<\/rs-module-wrap>\n\t\t\t<!-- END REVOLUTION SLIDER -->\n[\/vc_column][\/vc_row][vc_row][vc_column width=&#8221;2\/3&#8243; css=&#8221;.vc_custom_1540408456178{margin-top: 20px !important;}&#8221;][vc_column_text]<\/p>\n<p style=\"color: #000000; text-align: justify;\"><span style=\"color: #000000;\">A Dunaszerdahelyi Pedag\u00f3giai-Pszichol\u00f3giai Tan\u00e1csad\u00f3 \u00e9s Prevenci\u00f3s K\u00f6zpont olyan \u00e1llami int\u00e9zm\u00e9ny, amely komplex pszichol\u00f3giai, gy\u00f3gypedag\u00f3giai, diagnosztikus, tan\u00e1csad\u00f3, prevent\u00edv \u00e9s m\u00f3dszertani szolg\u00e1ltat\u00e1st \u00e9s ell\u00e1t\u00e1st ny\u00fajt gyermekek, sz\u00fcl\u0151k (t\u00f6rv\u00e9nyes k\u00e9pvisel\u0151k), pedag\u00f3gusok illetve m\u00e1s, a nevel\u00e9sben-oktat\u00e1sban \u00e9rintett szem\u00e9lyek sz\u00e1m\u00e1ra. Szakembereink k\u00e9szek seg\u00edts\u00e9get ny\u00fajtani \u00d6n\u00f6knek\u00a0 gyermekeik oktat\u00e1s\u00e1val, nevel\u00e9s\u00e9vel kapcsolatos probl\u00e9m\u00e1ik megold\u00e1s\u00e1ban.<\/span><\/p>\n<p style=\"color: #000000; text-align: justify;\"><span style=\"color: #000000;\">Klienseink sz\u00e1m\u00e1ra &#8211; sz\u00fclet\u00e9st\u0151l a p\u00e1lyav\u00e1laszt\u00e1sra val\u00f3 felk\u00e9sz\u00fcl\u00e9s befejezt\u00e9ig &#8211; A PPTPK\u00a0<b>szolg\u00e1ltat\u00e1sai ingyenesek\u00a0<\/b>.<\/span><\/p>\n<blockquote>\n<p style=\"color: #000000; text-align: justify;\"><em><span style=\"color: #000000;\"><b>Ha \u00fagy \u00e9rzik, hogy elbizonytalanodtak, ha probl\u00e9m\u00e1ikra neh\u00e9z egyed\u00fcl megold\u00e1st tal\u00e1lni ossz\u00e1k meg vel\u00fcnk gondjaikat! \u00c9rt\u00e9kelj\u00fck bizalmukat, diszkr\u00e9t, egy\u00fctt\u00e9rz\u0151, felel\u0151ss\u00e9gteljes, szakmailag megalapozott hozz\u00e1\u00e1ll\u00e1ssal seg\u00edtj\u00fck \u00d6n\u00f6ket.\u00a0<\/b><\/span><b>Munkat\u00e1rsaink v\u00e1rj\u00e1k jelentkez\u00e9s\u00fcket!<\/b><\/em><\/p>\n<\/blockquote>\n<p style=\"color: #000000; text-align: justify;\"><span style=\"color: #000000;\">\u00a0<\/span><\/p>\n<blockquote>\n<p style=\"color: #000000; text-align: center;\"><span style=\"color: #000000;\">K\u00e9rd\u00e9siket lev\u00e9l form\u00e1j\u00e1ban is feltehetik (&#8222;\u00cdrjon nek\u00fcnk&#8221; men\u00fcpont alatt, mely jobb oldalon lent &#8222;Mapa str\u00e1nok&#8221;-b\u00f3l ny\u00edlik),illetve e-mail c\u00edm\u00fcnk\u00f6n: ppp.ds@stonline.sk,\u00a0<\/span>Szakembereink a v\u00e1laszt e-mail form\u00e1j\u00e1ban az \u00d6n\u00f6k postal\u00e1d\u00e1j\u00e1ba k\u00fcldik.A pszichol\u00f3giai vagy gy\u00f3gypedag\u00f3giai vizsg\u00e1lat k\u00e9rv\u00e9nye let\u00f6lthet\u0151 a Dokumentumok men\u00fcpont alatt.<\/p>\n<p style=\"color: #000000; text-align: center;\"><b>K\u00f6sz\u00f6nj\u00fck bizalmukat!<\/b><\/p>\n<\/blockquote>\n<p>[\/vc_column_text][\/vc_column][vc_column width=&#8221;1\/3&#8243; css=&#8221;.vc_custom_1540408448948{margin-top: 20px !important;}&#8221;][vc_custom_heading text=&#8221;Kapcsolat&#8221; font_container=&#8221;tag:h2|font_size:20|text_align:left|color:%23ffffff&#8221; google_fonts=&#8221;font_family:Open%20Sans%3A300%2C300italic%2Cregular%2Citalic%2C600%2C600italic%2C700%2C700italic%2C800%2C800italic|font_style:300%20light%20regular%3A300%3Anormal&#8221; css=&#8221;.vc_custom_1540408411372{padding-top: 5px !important;padding-bottom: 5px !important;padding-left: 20px !important;background-color: #dd3333 !important;}&#8221;][vc_column_text]<\/p>\n<p style=\"color: #000000; text-align: justify;\">A vizsg\u00e1lat id\u0151pontj\u00e1t el\u0151zetesen egyeztetni kell, ez\u00e9rt k\u00e9rj\u00fck \u00d6n\u00f6ket, hogy keressenek benn\u00fcnket\u00a0<b>egyenesen:\u00a0<\/b>szem\u00e9lyesen, telefonon vagy e-mailben vagy\u00a0<b>k\u00f6zvetve:\u00a0<\/b>pedag\u00f3gus, orvos vagy m\u00e1s int\u00e9zm\u00e9ny seg\u00edts\u00e9g\u00e9vel<\/p>\n<p style=\"color: #809f01; text-align: center;\"><strong><span style=\"color: #000000;\">L\u00e1togat\u00e1si id\u0151:<\/span><\/strong><\/p>\n<p style=\"color: #000000; text-align: center;\"><span style=\"color: #000000;\">Naponta:\u00a07.30 &#8211; 15.30<\/span><\/p>\n<p style=\"color: #000000; text-align: center;\"><span style=\"color: #000000;\">Eb\u00e9dsz\u00fcnet:\u00a012.00 &#8211; 12.30<\/span><\/p>\n<p>[\/vc_column_text][\/vc_column][\/vc_row]<\/p>\n<\/section>","protected":false},"excerpt":{"rendered":"<p>[vc_row full_width=&#8221;stretch_row_content_no_spaces&#8221;][vc_column][\/vc_column][\/vc_row][vc_row][vc_column width=&#8221;2\/3&#8243; css=&#8221;.vc_custom_1540408456178{margin-top: 20px !important;}&#8221;][vc_column_text] A Dunaszerdahelyi Pedag\u00f3giai-Pszichol\u00f3giai Tan\u00e1csad\u00f3 \u00e9s Prevenci\u00f3s K\u00f6zpont olyan \u00e1llami int\u00e9zm\u00e9ny, amely komplex pszichol\u00f3giai, gy\u00f3gypedag\u00f3giai, diagnosztikus, tan\u00e1csad\u00f3, prevent\u00edv \u00e9s m\u00f3dszertani szolg\u00e1ltat\u00e1st<span class=\"excerpt-hellip\"> [\u2026]<\/span><\/p>\n","protected":false},"author":1,"featured_media":0,"parent":0,"menu_order":0,"comment_status":"closed","ping_status":"closed","template":"","meta":[],"_links":{"self":[{"href":"https:\/\/poradnads.sk\/hu\/wp-json\/wp\/v2\/pages\/161"}],"collection":[{"href":"https:\/\/poradnads.sk\/hu\/wp-json\/wp\/v2\/pages"}],"about":[{"href":"https:\/\/poradnads.sk\/hu\/wp-json\/wp\/v2\/types\/page"}],"author":[{"embeddable":true,"href":"https:\/\/poradnads.sk\/hu\/wp-json\/wp\/v2\/users\/1"}],"replies":[{"embeddable":true,"href":"https:\/\/poradnads.sk\/hu\/wp-json\/wp\/v2\/comments?post=161"}],"version-history":[{"count":1,"href":"https:\/\/poradnads.sk\/hu\/wp-json\/wp\/v2\/pages\/161\/revisions"}],"predecessor-version":[{"id":929,"href":"https:\/\/poradnads.sk\/hu\/wp-json\/wp\/v2\/pages\/161\/revisions\/929"}],"wp:attachment":[{"href":"https:\/\/poradnads.sk\/hu\/wp-json\/wp\/v2\/media?parent=161"}],"curies":[{"name":"wp","href":"https:\/\/api.w.org\/{rel}","templated":true}]}}